{"id":5280,"date":"2017-04-03T10:23:05","date_gmt":"2017-04-03T08:23:05","guid":{"rendered":"http:\/\/maidsespana.es\/domestic-employees-agency\/"},"modified":"2025-03-09T22:30:54","modified_gmt":"2025-03-09T21:30:54","slug":"domestic-helpers-agency","status":"publish","type":"page","link":"https:\/\/maidsespana.es\/en\/domestic-helpers-agency\/","title":{"rendered":"Maids Co: About Us"},"content":{"rendered":"<p><img decoding=\"async\" src=\"https:\/\/maidsespana.es\/wp-content\/uploads\/2024\/05\/agencia-de-empleada-de-hogar.webp\" alt=\"agencia de empleada de hogar\" \/><\/p>\n<h1>Maids &amp; Co<\/h1>\n<h2>Tu Hogar, Nuestra Prioridad.<\/h2>\n<p>\u00a0<br \/>\nNos especializamos en ofrecer una selecci\u00f3n de <a href=\"https:\/\/maidsespana.es\/en\/\">servicio dom\u00e9stico<\/a> completamente personalizado. Desde nuestras oficinas en Madrid y en la Costa del Sol, proporcionamos un servicio &#8220;tailor made&#8221; enfocado en comprender a fondo las necesidades de nuestros clientes. Nos esforzamos por encontrar la candidata perfecta para cada hogar, siempre poni\u00e9ndonos en su lugar durante el proceso de selecci\u00f3n.<br \/>\n Ya sea que necesites <a href=\"https:\/\/maidsespana.es\/empleadas-de-hogar-internas\/\">empleadas de hogar internas<\/a> o <a href=\"https:\/\/maidsespana.es\/empleada-de-hogar-externa\/\">externas<\/a>, <a href=\"https:\/\/maidsespana.es\/en\/hourly-housekeeper\/\">asistentas por horas<\/a>, <a href=\"https:\/\/maidsespana.es\/cuidadora-de-mayores\/\">cuidadoras<\/a>, <a href=\"https:\/\/maidsespana.es\/cuidadora-de-ninos\/\">ni\u00f1eras<\/a> u otros servicios en Espa\u00f1a o en toda Europa, nos comprometemos a ofrecerte asesoramiento experto en la b\u00fasqueda y selecci\u00f3n de candidatos que se adapten perfectamente a tu hogar y estilo de vida.<a href=\"https:\/\/maidsespana.es\/en\/domestic-staff-agency-in-madrid\/\" title=\"Servicio Dom\u00e9stico Madrid\">Maids &amp; Co Servicio Dom\u00e9stico Madrid <\/a><\/p>\n<p><a href=\"https:\/\/maidsespana.es\/en\/domestic-service-in-marbella\/\" title=\"Servicio Dom\u00e9stico Marbella\">Maids&amp;Co Servicio Dom\u00e9stico Marbella <\/a><\/p>\n<p><img decoding=\"async\" src=\"https:\/\/maidsespana.es\/wp-content\/uploads\/2024\/05\/isabella-velletri-maids_co-961x1500.webp\" alt=\"contratar empleada de hogar - maids&amp;co\" \/>Isabella Velletri &#8211; CEO<br \/>\nSoy Isabella Velletri, brasile\u00f1a, licenciada en Ingenier\u00eda de Caminos y pos graduada en Administraci\u00f3n de Empresas. Mi carrera comenz\u00f3 con 12 a\u00f1os en el sector de la ingenier\u00eda, centr\u00e1ndome en el c\u00e1lculo de estructuras, hasta mi primer traslado a Espa\u00f1a. A mi regreso a Brasil en 2009, empec\u00e9 a emparejar de manera informal trabajadoras dom\u00e9sticas con amigos, un empe\u00f1o que inicialmente no ten\u00eda ambici\u00f3n comercial. Sin embargo, el poder del boca a boca impuls\u00f3 el crecimiento de la empresa, lo que me llev\u00f3 a formalizar el negocio. Nuestros logros nos han valido art\u00edculos en prestigiosas publicaciones como The Economist, importantes medios de comunicaci\u00f3n y un documental belga, entre otros. Dese 2009, he dirigido con orgullo Maids &amp; Co en S\u00e3o Paulo y, desde 2020, en Madrid, Marbella y Miami.<br \/>\nEn Espa\u00f1a, nos hemos hecho un hueco atendiendo a la comunidad internacional y de expatriados, entendiendo de primera mano los retos de adaptarse a un nuevo contexto cultural y asegur\u00e1ndonos de que las necesidades de nuestros clientes se satisfacen con empat\u00eda y precisi\u00f3n.<br \/>\nMaids &amp; Co opera como un puente entre culturas, ofreciendo nuestros servicios en varios pa\u00edses europeos, Estados Unidos y, naturalmente, Brasil.<\/p>\n","protected":false},"excerpt":{"rendered":"<p>Maids &amp; Co Tu Hogar, Nuestra Prioridad. \u00a0 Nos especializamos en ofrecer una selecci\u00f3n de servicio dom\u00e9stico completamente personalizado. Desde nuestras oficinas en Madrid y en<span class=\"excerpt-hellip\"> [\u2026]<\/span><\/p>\n","protected":false},"author":1,"featured_media":0,"parent":0,"menu_order":0,"comment_status":"closed","ping_status":"closed","template":"","meta":{"footnotes":""},"class_list":["post-5280","page","type-page","status-publish","hentry"],"yoast_head":"<!-- This site is optimized with the Yoast SEO plugin v27.2 - https:\/\/yoast.com\/product\/yoast-seo-wordpress\/ -->\n<title>Maids Co | Your home, our priority<\/title>\n<meta name=\"description\" content=\"At Maids Co we make your home our priority. We advise you with search and selection of domestic service tailored to your needs.\" \/>\n<meta name=\"robots\" content=\"index, follow, max-snippet:-1, max-image-preview:large, max-video-preview:-1\" \/>\n<link rel=\"canonical\" href=\"https:\/\/maidsespana.es\/en\/domestic-helpers-agency\/\" \/>\n<meta property=\"og:locale\" content=\"en_US\" \/>\n<meta property=\"og:type\" content=\"article\" \/>\n<meta property=\"og:title\" content=\"Maids Co | Your home, our priority\" \/>\n<meta property=\"og:description\" content=\"At Maids Co we make your home our priority. We advise you with search and selection of domestic service tailored to your needs.\" \/>\n<meta property=\"og:url\" content=\"https:\/\/maidsespana.es\/en\/domestic-helpers-agency\/\" \/>\n<meta property=\"og:site_name\" content=\"Maids &amp; Co\" \/>\n<meta property=\"article:publisher\" content=\"https:\/\/www.facebook.com\/Maidsespana\" \/>\n<meta property=\"article:modified_time\" content=\"2025-03-09T21:30:54+00:00\" \/>\n<meta property=\"og:image\" content=\"https:\/\/maidsespana.es\/wp-content\/uploads\/2024\/05\/agencia-de-empleada-de-hogar.webp\" \/>\n<meta name=\"twitter:card\" content=\"summary_large_image\" \/>\n<script type=\"application\/ld+json\" class=\"yoast-schema-graph\">{\"@context\":\"https:\/\/schema.org\",\"@graph\":[{\"@type\":\"WebPage\",\"@id\":\"https:\/\/maidsespana.es\/en\/domestic-helpers-agency\/\",\"url\":\"https:\/\/maidsespana.es\/en\/domestic-helpers-agency\/\",\"name\":\"Maids Co | Your home, our priority\",\"isPartOf\":{\"@id\":\"https:\/\/maidsespana.es\/en\/#website\"},\"primaryImageOfPage\":{\"@id\":\"https:\/\/maidsespana.es\/en\/domestic-helpers-agency\/#primaryimage\"},\"image\":{\"@id\":\"https:\/\/maidsespana.es\/en\/domestic-helpers-agency\/#primaryimage\"},\"thumbnailUrl\":\"https:\/\/maidsespana.es\/wp-content\/uploads\/2024\/05\/agencia-de-empleada-de-hogar.webp\",\"datePublished\":\"2017-04-03T08:23:05+00:00\",\"dateModified\":\"2025-03-09T21:30:54+00:00\",\"description\":\"At Maids Co we make your home our priority. We advise you with search and selection of domestic service tailored to your needs.\",\"breadcrumb\":{\"@id\":\"https:\/\/maidsespana.es\/en\/domestic-helpers-agency\/#breadcrumb\"},\"inLanguage\":\"en-US\",\"potentialAction\":[{\"@type\":\"ReadAction\",\"target\":[\"https:\/\/maidsespana.es\/en\/domestic-helpers-agency\/\"]}]},{\"@type\":\"ImageObject\",\"inLanguage\":\"en-US\",\"@id\":\"https:\/\/maidsespana.es\/en\/domestic-helpers-agency\/#primaryimage\",\"url\":\"https:\/\/maidsespana.es\/wp-content\/uploads\/2024\/05\/agencia-de-empleada-de-hogar.webp\",\"contentUrl\":\"https:\/\/maidsespana.es\/wp-content\/uploads\/2024\/05\/agencia-de-empleada-de-hogar.webp\"},{\"@type\":\"BreadcrumbList\",\"@id\":\"https:\/\/maidsespana.es\/en\/domestic-helpers-agency\/#breadcrumb\",\"itemListElement\":[{\"@type\":\"ListItem\",\"position\":1,\"name\":\"Inicio\",\"item\":\"https:\/\/maidsespana.es\/en\/\"},{\"@type\":\"ListItem\",\"position\":2,\"name\":\"Maids Co: About Us\"}]},{\"@type\":\"WebSite\",\"@id\":\"https:\/\/maidsespana.es\/en\/#website\",\"url\":\"https:\/\/maidsespana.es\/en\/\",\"name\":\"Maids & Co\",\"description\":\"Agencia de Servicio Dom\u00e9stico\",\"publisher\":{\"@id\":\"https:\/\/maidsespana.es\/en\/#organization\"},\"potentialAction\":[{\"@type\":\"SearchAction\",\"target\":{\"@type\":\"EntryPoint\",\"urlTemplate\":\"https:\/\/maidsespana.es\/en\/?s={search_term_string}\"},\"query-input\":{\"@type\":\"PropertyValueSpecification\",\"valueRequired\":true,\"valueName\":\"search_term_string\"}}],\"inLanguage\":\"en-US\"},{\"@type\":\"Organization\",\"@id\":\"https:\/\/maidsespana.es\/en\/#organization\",\"name\":\"Maids & Co\",\"url\":\"https:\/\/maidsespana.es\/en\/\",\"logo\":{\"@type\":\"ImageObject\",\"inLanguage\":\"en-US\",\"@id\":\"https:\/\/maidsespana.es\/en\/#\/schema\/logo\/image\/\",\"url\":\"https:\/\/maidsespana.es\/wp-content\/uploads\/2023\/05\/logo-maidsco_redondo.png\",\"contentUrl\":\"https:\/\/maidsespana.es\/wp-content\/uploads\/2023\/05\/logo-maidsco_redondo.png\",\"width\":696,\"height\":696,\"caption\":\"Maids & Co\"},\"image\":{\"@id\":\"https:\/\/maidsespana.es\/en\/#\/schema\/logo\/image\/\"},\"sameAs\":[\"https:\/\/www.facebook.com\/Maidsespana\",\"https:\/\/www.instagram.com\/maidsespana\"]}]}<\/script>\n<!-- \/ Yoast SEO plugin. -->","yoast_head_json":{"title":"Maids Co | Your home, our priority","description":"At Maids Co we make your home our priority. We advise you with search and selection of domestic service tailored to your needs.","robots":{"index":"index","follow":"follow","max-snippet":"max-snippet:-1","max-image-preview":"max-image-preview:large","max-video-preview":"max-video-preview:-1"},"canonical":"https:\/\/maidsespana.es\/en\/domestic-helpers-agency\/","og_locale":"en_US","og_type":"article","og_title":"Maids Co | Your home, our priority","og_description":"At Maids Co we make your home our priority. We advise you with search and selection of domestic service tailored to your needs.","og_url":"https:\/\/maidsespana.es\/en\/domestic-helpers-agency\/","og_site_name":"Maids &amp; Co","article_publisher":"https:\/\/www.facebook.com\/Maidsespana","article_modified_time":"2025-03-09T21:30:54+00:00","og_image":[{"url":"https:\/\/maidsespana.es\/wp-content\/uploads\/2024\/05\/agencia-de-empleada-de-hogar.webp","type":"","width":"","height":""}],"twitter_card":"summary_large_image","schema":{"@context":"https:\/\/schema.org","@graph":[{"@type":"WebPage","@id":"https:\/\/maidsespana.es\/en\/domestic-helpers-agency\/","url":"https:\/\/maidsespana.es\/en\/domestic-helpers-agency\/","name":"Maids Co | Your home, our priority","isPartOf":{"@id":"https:\/\/maidsespana.es\/en\/#website"},"primaryImageOfPage":{"@id":"https:\/\/maidsespana.es\/en\/domestic-helpers-agency\/#primaryimage"},"image":{"@id":"https:\/\/maidsespana.es\/en\/domestic-helpers-agency\/#primaryimage"},"thumbnailUrl":"https:\/\/maidsespana.es\/wp-content\/uploads\/2024\/05\/agencia-de-empleada-de-hogar.webp","datePublished":"2017-04-03T08:23:05+00:00","dateModified":"2025-03-09T21:30:54+00:00","description":"At Maids Co we make your home our priority. We advise you with search and selection of domestic service tailored to your needs.","breadcrumb":{"@id":"https:\/\/maidsespana.es\/en\/domestic-helpers-agency\/#breadcrumb"},"inLanguage":"en-US","potentialAction":[{"@type":"ReadAction","target":["https:\/\/maidsespana.es\/en\/domestic-helpers-agency\/"]}]},{"@type":"ImageObject","inLanguage":"en-US","@id":"https:\/\/maidsespana.es\/en\/domestic-helpers-agency\/#primaryimage","url":"https:\/\/maidsespana.es\/wp-content\/uploads\/2024\/05\/agencia-de-empleada-de-hogar.webp","contentUrl":"https:\/\/maidsespana.es\/wp-content\/uploads\/2024\/05\/agencia-de-empleada-de-hogar.webp"},{"@type":"BreadcrumbList","@id":"https:\/\/maidsespana.es\/en\/domestic-helpers-agency\/#breadcrumb","itemListElement":[{"@type":"ListItem","position":1,"name":"Inicio","item":"https:\/\/maidsespana.es\/en\/"},{"@type":"ListItem","position":2,"name":"Maids Co: About Us"}]},{"@type":"WebSite","@id":"https:\/\/maidsespana.es\/en\/#website","url":"https:\/\/maidsespana.es\/en\/","name":"Maids & Co","description":"Agencia de Servicio Dom\u00e9stico","publisher":{"@id":"https:\/\/maidsespana.es\/en\/#organization"},"potentialAction":[{"@type":"SearchAction","target":{"@type":"EntryPoint","urlTemplate":"https:\/\/maidsespana.es\/en\/?s={search_term_string}"},"query-input":{"@type":"PropertyValueSpecification","valueRequired":true,"valueName":"search_term_string"}}],"inLanguage":"en-US"},{"@type":"Organization","@id":"https:\/\/maidsespana.es\/en\/#organization","name":"Maids & Co","url":"https:\/\/maidsespana.es\/en\/","logo":{"@type":"ImageObject","inLanguage":"en-US","@id":"https:\/\/maidsespana.es\/en\/#\/schema\/logo\/image\/","url":"https:\/\/maidsespana.es\/wp-content\/uploads\/2023\/05\/logo-maidsco_redondo.png","contentUrl":"https:\/\/maidsespana.es\/wp-content\/uploads\/2023\/05\/logo-maidsco_redondo.png","width":696,"height":696,"caption":"Maids & Co"},"image":{"@id":"https:\/\/maidsespana.es\/en\/#\/schema\/logo\/image\/"},"sameAs":["https:\/\/www.facebook.com\/Maidsespana","https:\/\/www.instagram.com\/maidsespana"]}]}},"_links":{"self":[{"href":"https:\/\/maidsespana.es\/en\/wp-json\/wp\/v2\/pages\/5280","targetHints":{"allow":["GET"]}}],"collection":[{"href":"https:\/\/maidsespana.es\/en\/wp-json\/wp\/v2\/pages"}],"about":[{"href":"https:\/\/maidsespana.es\/en\/wp-json\/wp\/v2\/types\/page"}],"author":[{"embeddable":true,"href":"https:\/\/maidsespana.es\/en\/wp-json\/wp\/v2\/users\/1"}],"replies":[{"embeddable":true,"href":"https:\/\/maidsespana.es\/en\/wp-json\/wp\/v2\/comments?post=5280"}],"version-history":[{"count":0,"href":"https:\/\/maidsespana.es\/en\/wp-json\/wp\/v2\/pages\/5280\/revisions"}],"wp:attachment":[{"href":"https:\/\/maidsespana.es\/en\/wp-json\/wp\/v2\/media?parent=5280"}],"curies":[{"name":"wp","href":"https:\/\/api.w.org\/{rel}","templated":true}]}}