{"id":5286,"date":"2023-02-13T23:08:13","date_gmt":"2023-02-13T22:08:13","guid":{"rendered":"http:\/\/maidsespana.es\/live-in-housekeepers\/"},"modified":"2025-03-13T21:33:20","modified_gmt":"2025-03-13T20:33:20","slug":"live-in-housekeepers","status":"publish","type":"page","link":"https:\/\/maidsespana.es\/en\/live-in-housekeepers\/","title":{"rendered":"Live-in Maid"},"content":{"rendered":"<h2>\u00bfQuieres contratar empleada de hogar interna?<\/h2>\n<p>Solucionamos todas tus dudas<br \/>\nTe asesoramos durante todo el proceso<br \/>\nProceso de Selecci\u00f3n Riguroso<br \/>\nReferencias confirmadas<br \/>\nExperiencia y Habilidades contrastadasSatisfacci\u00f3n garantizada o devolvemos tu dinero<br \/>\n<a href=\"http:\/\/maidsespana.es\/contratar-empleada-del-hogar\/\" title=\"Contratar empleada del hogar\">CU\u00c9NTANOS LO QUE NECESITAS<\/a><br \/>\n<img decoding=\"async\" src=\"http:\/\/maidsespana.es\/wp-content\/uploads\/2023\/02\/empleadas-de-hogar-internas.jpg\" alt=\"empleadas de hogar internas\" \/>Una empleada de hogar interna es una\u00a0 \u00a0trabajadora que convive con la familia en el mismo domicilio en el que trabaja. Este tipo de servicio es muy buscado sobre todo por familias que necesitan ayuda con ni\u00f1os o personas mayores o dependientes ya que permiten una flexibilidad mayor de horarios.<br \/>\nAdem\u00e1s de cuidarles, tambi\u00e9n se ocupan de la limpieza, orden, lavado y planchado, cocina y otras actividades del hogar.\u00a0 Siempre recomendamos a nuestros clientes que las caracter\u00edsticas m\u00e1s importantes que deben ser llevadas en consideraci\u00f3n al contratar a una empleada del hogar interna son la experiencia, habilidades y el \u2018feeling\u2019 durante la entrevista. Las dos primeras son m\u00e1s obvias e involucran gran parte de nuestro trabajo durante las entrevistas y chequeo de referencias, pero la relaci\u00f3n empleado-empleador son, en su mayor\u00eda, un gran divisor de aguas en las contrataciones. Las empleadas de hogar internas hacen parte de la rutina de la casa y , por esta raz\u00f3n, pueden venir a generar un gran desgaste para ambas partes.<br \/>\nPor lo tanto, adem\u00e1s de respetar los horarios y rutinas acordados, es importante que tanto empleada como empleador est\u00e9n a gusto para que la relaci\u00f3n laboral sea duradera.\u00a0<\/p>\n<h2>Condiciones de trabajo y derechos de una empleada de hogar interna<\/h2>\n<p>La jornada ordinaria m\u00e1xima de trabajo que puede realizar cualquier empleada del hogar interna es de  40 horas a la semana. Siempre que se respeten los descansos, se pueden distribuir como las partes quieran.Para las empleadas del hogar internas, a esta jornada ordinaria se pueden establecer tiempos de presencia, que es el tiempo en que la empleada no est\u00e1 efectivamente trabajando pero est\u00e1 disponible por si la necesitaran. El tiempo de presencia de una empleada interna no debe superar las 20 horas semanales (salvo acuerdo o si se compensa con descanso) y debe ser remunerado.Si en alg\u00fan momento durante el tiempo de presencia la empleada realiza alguna labor, deber\u00e1 de computarse como tiempo de trabajo efectivo y sumado a las 40 horas de trabajo semanales y, por supuesto, remunerados. Una empleada de hogar interna tiene derecho a 2 horas para las comidas principales, que no ser\u00e1n consideradas horas de trabajo (efectivos o de presencia). El descanso entre jornadas efectivas de trabajo (incluyendo las horas trabajadas durante el tiempo de presencia) debe ser de m\u00ednimo 12 horas o reducido a 10 horas, si es compensado en hasta cuatro semanas.Las empleadas de hogar internas disponen de 36 horas consecutivas de descanso durante el fin de semana y, por regla general, disfrutan del domingo completo m\u00e1s la jornada del s\u00e1bado por la tarde o el lunes por la ma\u00f1ana.Las internas tienen derecho a 30 d\u00edas naturales de vacaciones al a\u00f1o y a los 14 festivos al a\u00f1o, sin la obligaci\u00f3n de permanecer en el domicilio. Alta y cotizaci\u00f3n en la Seguridad Social, habitaci\u00f3n y alimentaci\u00f3n.<br \/>\nEs obligatorio tramitar el alta en la Seguridad Social por parte de los empleadores desde el primer d\u00eda de trabajo.<\/p>\n<h2>\u00bfTe ayudamos a encontrar una empleada de hogar interna?<\/h2>\n<p><a href=\"http:\/\/maidsespana.es\/contratar-empleada-del-hogar\/\"><\/a>Escr\u00edbenos sin compromiso y te asesoramos durante todo el proceso. <\/p>\n<h2>\u00bfQu\u00e9 sueldo tiene una empleada de hogar interna?<\/h2>\n<p>El\u00a0<a href=\"https:\/\/maidsespana.es\/salario-minimo-empleada-del-hogar-2025\/\">salario de una empleada de hogar <\/a>puede variar seg\u00fan la experiencia y habilidades de la empleada. Se suman a ello las funciones que ejecutar\u00e1, como por ejemplo cuidar de los ni\u00f1os adem\u00e1s de la casa, el tama\u00f1o de la vivienda, localidad y otras variables seg\u00fan el perfil de empleador.\u00a0<br \/>\n16.576\u20ac anuales min.<br \/>\nEl sueldo de una empleada del hogar interna deber\u00e1 siempre ser igual o superior al Salario M\u00ednimo Interprofesional vigente desde Enero de 2025 equivale a 16.576\u00a0euros anuales m\u00e1s la cotizaci\u00f3n a la <a href=\"https:\/\/portal.seg-social.gob.es\/wps\/portal\/importass\/importass\/Colectivos\/guias#post-2f228ee0-8ebf-4873-a9dd-55eae33a8f16\" target=\"_blank\">Seguridad Social<\/a>.\u00a0<br \/>\nA esta cuant\u00eda, se debe sumar las horas de tiempo de vigilia y\/o extras que\u00a0deben de ser abonadas como m\u00ednimo por el valor de la hora de trabajo ordinario o compensado por tiempo de descanso retribuido.<\/p>\n<h3>Maids &amp; Co<\/h3>\n<p><a href=\"http:\/\/maidsespana.es\/\">Agencia de Servicio Dom\u00e9stico<\/a>Ayudamos a las familias a seleccionar empleadas de hogar internas que mejor se ajusten a sus necesidades. Tenemos amplia experiencia y un proceso de selecci\u00f3n riguroso que facilita al empleador poder conocer en profundidad cada candidata antes de entrevistarla. Contrastamos la experiencia y habilidades de cada candidata.<a href=\"http:\/\/maidsespana.es\/contratar-empleada-del-hogar\/\" title=\"Contratar empleada del hogar\">CONTRATAR EMPLEADA DEL HOGAR<\/a><\/p>\n","protected":false},"excerpt":{"rendered":"<p>\u00bfQuieres contratar empleada de hogar interna? Solucionamos todas tus dudas Te asesoramos durante todo el proceso Proceso de Selecci\u00f3n Riguroso Referencias confirmadas Experiencia y Habilidades contrastadasSatisfacci\u00f3n<span class=\"excerpt-hellip\"> [\u2026]<\/span><\/p>\n","protected":false},"author":1,"featured_media":0,"parent":0,"menu_order":0,"comment_status":"closed","ping_status":"closed","template":"","meta":{"footnotes":""},"class_list":["post-5286","page","type-page","status-publish","hentry"],"yoast_head":"<!-- This site is optimized with the Yoast SEO plugin v27.2 - https:\/\/yoast.com\/product\/yoast-seo-wordpress\/ -->\n<title>Live-in Maid - Maids &amp; Co<\/title>\n<meta name=\"description\" content=\"We select experienced live-in housekeepers with references to ensure the well-being and peace of mind of your home.\" \/>\n<meta name=\"robots\" content=\"index, follow, max-snippet:-1, max-image-preview:large, max-video-preview:-1\" \/>\n<link rel=\"canonical\" href=\"https:\/\/maidsespana.es\/en\/live-in-housekeepers\/\" \/>\n<meta property=\"og:locale\" content=\"en_US\" \/>\n<meta property=\"og:type\" content=\"article\" \/>\n<meta property=\"og:title\" content=\"Live-in Maid - Maids &amp; Co\" \/>\n<meta property=\"og:description\" content=\"We select experienced live-in housekeepers with references to ensure the well-being and peace of mind of your home.\" \/>\n<meta property=\"og:url\" content=\"https:\/\/maidsespana.es\/en\/live-in-housekeepers\/\" \/>\n<meta property=\"og:site_name\" content=\"Maids &amp; Co\" \/>\n<meta property=\"article:publisher\" content=\"https:\/\/www.facebook.com\/Maidsespana\" \/>\n<meta property=\"article:modified_time\" content=\"2025-03-13T20:33:20+00:00\" \/>\n<meta property=\"og:image\" content=\"http:\/\/maidsespana.es\/wp-content\/uploads\/2023\/02\/empleadas-de-hogar-internas.jpg\" \/>\n<meta name=\"twitter:card\" content=\"summary_large_image\" \/>\n<script type=\"application\/ld+json\" class=\"yoast-schema-graph\">{\"@context\":\"https:\/\/schema.org\",\"@graph\":[{\"@type\":\"WebPage\",\"@id\":\"https:\/\/maidsespana.es\/en\/live-in-housekeepers\/\",\"url\":\"https:\/\/maidsespana.es\/en\/live-in-housekeepers\/\",\"name\":\"Live-in Maid - Maids &amp; Co\",\"isPartOf\":{\"@id\":\"https:\/\/maidsespana.es\/en\/#website\"},\"primaryImageOfPage\":{\"@id\":\"https:\/\/maidsespana.es\/en\/live-in-housekeepers\/#primaryimage\"},\"image\":{\"@id\":\"https:\/\/maidsespana.es\/en\/live-in-housekeepers\/#primaryimage\"},\"thumbnailUrl\":\"http:\/\/maidsespana.es\/wp-content\/uploads\/2023\/02\/empleadas-de-hogar-internas.jpg\",\"datePublished\":\"2023-02-13T22:08:13+00:00\",\"dateModified\":\"2025-03-13T20:33:20+00:00\",\"description\":\"We select experienced live-in housekeepers with references to ensure the well-being and peace of mind of your home.\",\"breadcrumb\":{\"@id\":\"https:\/\/maidsespana.es\/en\/live-in-housekeepers\/#breadcrumb\"},\"inLanguage\":\"en-US\",\"potentialAction\":[{\"@type\":\"ReadAction\",\"target\":[\"https:\/\/maidsespana.es\/en\/live-in-housekeepers\/\"]}]},{\"@type\":\"ImageObject\",\"inLanguage\":\"en-US\",\"@id\":\"https:\/\/maidsespana.es\/en\/live-in-housekeepers\/#primaryimage\",\"url\":\"http:\/\/maidsespana.es\/wp-content\/uploads\/2023\/02\/empleadas-de-hogar-internas.jpg\",\"contentUrl\":\"http:\/\/maidsespana.es\/wp-content\/uploads\/2023\/02\/empleadas-de-hogar-internas.jpg\"},{\"@type\":\"BreadcrumbList\",\"@id\":\"https:\/\/maidsespana.es\/en\/live-in-housekeepers\/#breadcrumb\",\"itemListElement\":[{\"@type\":\"ListItem\",\"position\":1,\"name\":\"Inicio\",\"item\":\"https:\/\/maidsespana.es\/en\/\"},{\"@type\":\"ListItem\",\"position\":2,\"name\":\"Live-in Maid\"}]},{\"@type\":\"WebSite\",\"@id\":\"https:\/\/maidsespana.es\/en\/#website\",\"url\":\"https:\/\/maidsespana.es\/en\/\",\"name\":\"Maids & Co\",\"description\":\"Agencia de Servicio Dom\u00e9stico\",\"publisher\":{\"@id\":\"https:\/\/maidsespana.es\/en\/#organization\"},\"potentialAction\":[{\"@type\":\"SearchAction\",\"target\":{\"@type\":\"EntryPoint\",\"urlTemplate\":\"https:\/\/maidsespana.es\/en\/?s={search_term_string}\"},\"query-input\":{\"@type\":\"PropertyValueSpecification\",\"valueRequired\":true,\"valueName\":\"search_term_string\"}}],\"inLanguage\":\"en-US\"},{\"@type\":\"Organization\",\"@id\":\"https:\/\/maidsespana.es\/en\/#organization\",\"name\":\"Maids & Co\",\"url\":\"https:\/\/maidsespana.es\/en\/\",\"logo\":{\"@type\":\"ImageObject\",\"inLanguage\":\"en-US\",\"@id\":\"https:\/\/maidsespana.es\/en\/#\/schema\/logo\/image\/\",\"url\":\"https:\/\/maidsespana.es\/wp-content\/uploads\/2023\/05\/logo-maidsco_redondo.png\",\"contentUrl\":\"https:\/\/maidsespana.es\/wp-content\/uploads\/2023\/05\/logo-maidsco_redondo.png\",\"width\":696,\"height\":696,\"caption\":\"Maids & Co\"},\"image\":{\"@id\":\"https:\/\/maidsespana.es\/en\/#\/schema\/logo\/image\/\"},\"sameAs\":[\"https:\/\/www.facebook.com\/Maidsespana\",\"https:\/\/www.instagram.com\/maidsespana\"]}]}<\/script>\n<!-- \/ Yoast SEO plugin. -->","yoast_head_json":{"title":"Live-in Maid - Maids &amp; Co","description":"We select experienced live-in housekeepers with references to ensure the well-being and peace of mind of your home.","robots":{"index":"index","follow":"follow","max-snippet":"max-snippet:-1","max-image-preview":"max-image-preview:large","max-video-preview":"max-video-preview:-1"},"canonical":"https:\/\/maidsespana.es\/en\/live-in-housekeepers\/","og_locale":"en_US","og_type":"article","og_title":"Live-in Maid - Maids &amp; Co","og_description":"We select experienced live-in housekeepers with references to ensure the well-being and peace of mind of your home.","og_url":"https:\/\/maidsespana.es\/en\/live-in-housekeepers\/","og_site_name":"Maids &amp; Co","article_publisher":"https:\/\/www.facebook.com\/Maidsespana","article_modified_time":"2025-03-13T20:33:20+00:00","og_image":[{"url":"http:\/\/maidsespana.es\/wp-content\/uploads\/2023\/02\/empleadas-de-hogar-internas.jpg","type":"","width":"","height":""}],"twitter_card":"summary_large_image","schema":{"@context":"https:\/\/schema.org","@graph":[{"@type":"WebPage","@id":"https:\/\/maidsespana.es\/en\/live-in-housekeepers\/","url":"https:\/\/maidsespana.es\/en\/live-in-housekeepers\/","name":"Live-in Maid - Maids &amp; Co","isPartOf":{"@id":"https:\/\/maidsespana.es\/en\/#website"},"primaryImageOfPage":{"@id":"https:\/\/maidsespana.es\/en\/live-in-housekeepers\/#primaryimage"},"image":{"@id":"https:\/\/maidsespana.es\/en\/live-in-housekeepers\/#primaryimage"},"thumbnailUrl":"http:\/\/maidsespana.es\/wp-content\/uploads\/2023\/02\/empleadas-de-hogar-internas.jpg","datePublished":"2023-02-13T22:08:13+00:00","dateModified":"2025-03-13T20:33:20+00:00","description":"We select experienced live-in housekeepers with references to ensure the well-being and peace of mind of your home.","breadcrumb":{"@id":"https:\/\/maidsespana.es\/en\/live-in-housekeepers\/#breadcrumb"},"inLanguage":"en-US","potentialAction":[{"@type":"ReadAction","target":["https:\/\/maidsespana.es\/en\/live-in-housekeepers\/"]}]},{"@type":"ImageObject","inLanguage":"en-US","@id":"https:\/\/maidsespana.es\/en\/live-in-housekeepers\/#primaryimage","url":"http:\/\/maidsespana.es\/wp-content\/uploads\/2023\/02\/empleadas-de-hogar-internas.jpg","contentUrl":"http:\/\/maidsespana.es\/wp-content\/uploads\/2023\/02\/empleadas-de-hogar-internas.jpg"},{"@type":"BreadcrumbList","@id":"https:\/\/maidsespana.es\/en\/live-in-housekeepers\/#breadcrumb","itemListElement":[{"@type":"ListItem","position":1,"name":"Inicio","item":"https:\/\/maidsespana.es\/en\/"},{"@type":"ListItem","position":2,"name":"Live-in Maid"}]},{"@type":"WebSite","@id":"https:\/\/maidsespana.es\/en\/#website","url":"https:\/\/maidsespana.es\/en\/","name":"Maids & Co","description":"Agencia de Servicio Dom\u00e9stico","publisher":{"@id":"https:\/\/maidsespana.es\/en\/#organization"},"potentialAction":[{"@type":"SearchAction","target":{"@type":"EntryPoint","urlTemplate":"https:\/\/maidsespana.es\/en\/?s={search_term_string}"},"query-input":{"@type":"PropertyValueSpecification","valueRequired":true,"valueName":"search_term_string"}}],"inLanguage":"en-US"},{"@type":"Organization","@id":"https:\/\/maidsespana.es\/en\/#organization","name":"Maids & Co","url":"https:\/\/maidsespana.es\/en\/","logo":{"@type":"ImageObject","inLanguage":"en-US","@id":"https:\/\/maidsespana.es\/en\/#\/schema\/logo\/image\/","url":"https:\/\/maidsespana.es\/wp-content\/uploads\/2023\/05\/logo-maidsco_redondo.png","contentUrl":"https:\/\/maidsespana.es\/wp-content\/uploads\/2023\/05\/logo-maidsco_redondo.png","width":696,"height":696,"caption":"Maids & Co"},"image":{"@id":"https:\/\/maidsespana.es\/en\/#\/schema\/logo\/image\/"},"sameAs":["https:\/\/www.facebook.com\/Maidsespana","https:\/\/www.instagram.com\/maidsespana"]}]}},"_links":{"self":[{"href":"https:\/\/maidsespana.es\/en\/wp-json\/wp\/v2\/pages\/5286","targetHints":{"allow":["GET"]}}],"collection":[{"href":"https:\/\/maidsespana.es\/en\/wp-json\/wp\/v2\/pages"}],"about":[{"href":"https:\/\/maidsespana.es\/en\/wp-json\/wp\/v2\/types\/page"}],"author":[{"embeddable":true,"href":"https:\/\/maidsespana.es\/en\/wp-json\/wp\/v2\/users\/1"}],"replies":[{"embeddable":true,"href":"https:\/\/maidsespana.es\/en\/wp-json\/wp\/v2\/comments?post=5286"}],"version-history":[{"count":0,"href":"https:\/\/maidsespana.es\/en\/wp-json\/wp\/v2\/pages\/5286\/revisions"}],"wp:attachment":[{"href":"https:\/\/maidsespana.es\/en\/wp-json\/wp\/v2\/media?parent=5286"}],"curies":[{"name":"wp","href":"https:\/\/api.w.org\/{rel}","templated":true}]}}