{"id":5330,"date":"2023-02-16T14:00:35","date_gmt":"2023-02-16T13:00:35","guid":{"rendered":"http:\/\/maidsespana.es\/elderly-caregiver\/"},"modified":"2025-03-13T21:31:14","modified_gmt":"2025-03-13T20:31:14","slug":"caregiver","status":"publish","type":"page","link":"https:\/\/maidsespana.es\/en\/caregiver\/","title":{"rendered":"Elderly caregiver"},"content":{"rendered":"<h4>\u00bfNecesitas cuidado de personas mayores a domicilio?<\/h4>\n<p>Solucionamos todas tus dudas<br \/>\nTe asesoramos durante todo el proceso<br \/>\nProceso de Selecci\u00f3n Riguroso<br \/>\nReferencias confirmadas<br \/>\nExperiencia y Habilidades contrastadasSatisfacci\u00f3n garantizada o devolvemos tu dinero<br \/>\n<a href=\"http:\/\/maidsespana.es\/contratar-empleada-del-hogar\/\" title=\"COntratar empleada de Hogar\">CU\u00c9NTANOS LO QUE NECESITAS<\/a><br \/>\n<img decoding=\"async\" src=\"http:\/\/maidsespana.es\/wp-content\/uploads\/2023\/02\/cuidadora-de-mayores.jpg\" alt=\"cuidadora de mayores\"><br \/>\nUna trabajadora dedicada al cuidado de personas mayores a domicilio puede traer muchos beneficios a una familia, entre ellos destacamos el bienestar de la persona mayor por estar segura en su hogar y acompa\u00f1ada. En Maids &amp; Co seleccionamos candidatas que tengan experiencia, muchas veces con&nbsp; certificaciones y confirmamos las referencias de trabajos anteriores. El r\u00e9gimen de contrataci\u00f3n puede ser de cuidadora de personas mayores interna, externa o por horas.<br \/>\nAdem\u00e1s de cuidar a los mayores, las cuidadoras tambi\u00e9n suelen realizar las tareas del hogar.&nbsp;<br \/>\nDecidir por contratar a una cuidadora de personas mayores es una opci\u00f3n muy acertada ya que adem\u00e1s de ofrecer una estabilidad y seguridad al mayor, tambi\u00e9n aporta m\u00e1s calidad de vida y tranquilidad a la familia al saber que su familiar est\u00e1 siendo cuidado. <\/p>\n<h2>Tareas que realiza una persona dedicada al cuidado de personas mayores:<\/h2>\n<p>Supervisi\u00f3n y compa\u00f1\u00edaAseo: ayuda cuando necesario para ducharse, ir al ba\u00f1o, vestirse y asearse , etc.<br \/>\nHace la compra, cocina y ayuda a en la toma cuando necesario.<br \/>\nControl de medicaci\u00f3n<br \/>\nPasea, hace recados, lleva al m\u00e9dico<br \/>\nTareas del hogar: limpieza, colada, plancha, etc.<\/p>\n<p>La modalidad de la contrataci\u00f3n de las cuidadoras puede ser como <a href=\"http:\/\/maidsespana.es\/empleada-de-hogar-externa\/\">empleada del hogar externa<\/a> o de las <a href=\"http:\/\/maidsespana.es\/empleadas-de-hogar-internas\/\">empleadas del hogar internas<\/a>, si residen en el domicilio del empleador, o bien por horas seg\u00fan la necesidad de cada cliente.\u00a0<br \/>\nEs obligatorio que la cuidadora este registrada en la <a href=\"https:\/\/www.seg-social.es\/wps\/portal\/wss\/internet\/Trabajadores\/CotizacionRecaudacionTrabajadores\/10721\/10957\/2222\/2225\">Seguridad Social<\/a> desde su primer d\u00eda de trabajo.\u00a0El salario de los cuidadores de mayores puede variar seg\u00fan el tipo de jornada, su formaci\u00f3n, sus certificaciones y su experiencia. En 2024, el salario m\u00ednimo que corresponde a este colectivo es de 15.876\u20ac anuales para 40h semanales.&nbsp;&nbsp;<\/p>\n<h3>\u00bfTe ayudamos a encontrar profesionales para el  cuidado de personas mayores?<\/h3>\n<p><a href=\"http:\/\/maidsespana.es\/contratar-empleada-del-hogar\/\"><\/a>Escr\u00edbenos sin compromiso y te asesoramos durante todo el proceso. <\/p>\n","protected":false},"excerpt":{"rendered":"<p>\u00bfNecesitas cuidado de personas mayores a domicilio? Solucionamos todas tus dudas Te asesoramos durante todo el proceso Proceso de Selecci\u00f3n Riguroso Referencias confirmadas Experiencia y Habilidades<span class=\"excerpt-hellip\"> [\u2026]<\/span><\/p>\n","protected":false},"author":1,"featured_media":0,"parent":0,"menu_order":0,"comment_status":"closed","ping_status":"closed","template":"","meta":{"footnotes":""},"class_list":["post-5330","page","type-page","status-publish","hentry"],"yoast_head":"<!-- This site is optimized with the Yoast SEO plugin v27.2 - https:\/\/yoast.com\/product\/yoast-seo-wordpress\/ -->\n<title>Elderly caregiver - Maids &amp; Co<\/title>\n<meta name=\"description\" content=\"Do you need home care for the elderly? Verified carers and personalised service for the well-being of your loved ones.\" \/>\n<meta name=\"robots\" content=\"index, follow, max-snippet:-1, max-image-preview:large, max-video-preview:-1\" \/>\n<link rel=\"canonical\" href=\"https:\/\/maidsespana.es\/en\/caregiver\/\" \/>\n<meta property=\"og:locale\" content=\"en_US\" \/>\n<meta property=\"og:type\" content=\"article\" \/>\n<meta property=\"og:title\" content=\"Elderly caregiver - Maids &amp; Co\" \/>\n<meta property=\"og:description\" content=\"Do you need home care for the elderly? Verified carers and personalised service for the well-being of your loved ones.\" \/>\n<meta property=\"og:url\" content=\"https:\/\/maidsespana.es\/en\/caregiver\/\" \/>\n<meta property=\"og:site_name\" content=\"Maids &amp; Co\" \/>\n<meta property=\"article:publisher\" content=\"https:\/\/www.facebook.com\/Maidsespana\" \/>\n<meta property=\"article:modified_time\" content=\"2025-03-13T20:31:14+00:00\" \/>\n<meta property=\"og:image\" content=\"http:\/\/maidsespana.es\/wp-content\/uploads\/2023\/02\/cuidadora-de-mayores.jpg\" \/>\n<meta name=\"twitter:card\" content=\"summary_large_image\" \/>\n<script type=\"application\/ld+json\" class=\"yoast-schema-graph\">{\"@context\":\"https:\/\/schema.org\",\"@graph\":[{\"@type\":\"WebPage\",\"@id\":\"https:\/\/maidsespana.es\/en\/caregiver\/\",\"url\":\"https:\/\/maidsespana.es\/en\/caregiver\/\",\"name\":\"Elderly caregiver - Maids &amp; Co\",\"isPartOf\":{\"@id\":\"https:\/\/maidsespana.es\/en\/#website\"},\"primaryImageOfPage\":{\"@id\":\"https:\/\/maidsespana.es\/en\/caregiver\/#primaryimage\"},\"image\":{\"@id\":\"https:\/\/maidsespana.es\/en\/caregiver\/#primaryimage\"},\"thumbnailUrl\":\"http:\/\/maidsespana.es\/wp-content\/uploads\/2023\/02\/cuidadora-de-mayores.jpg\",\"datePublished\":\"2023-02-16T13:00:35+00:00\",\"dateModified\":\"2025-03-13T20:31:14+00:00\",\"description\":\"Do you need home care for the elderly? Verified carers and personalised service for the well-being of your loved ones.\",\"breadcrumb\":{\"@id\":\"https:\/\/maidsespana.es\/en\/caregiver\/#breadcrumb\"},\"inLanguage\":\"en-US\",\"potentialAction\":[{\"@type\":\"ReadAction\",\"target\":[\"https:\/\/maidsespana.es\/en\/caregiver\/\"]}]},{\"@type\":\"ImageObject\",\"inLanguage\":\"en-US\",\"@id\":\"https:\/\/maidsespana.es\/en\/caregiver\/#primaryimage\",\"url\":\"http:\/\/maidsespana.es\/wp-content\/uploads\/2023\/02\/cuidadora-de-mayores.jpg\",\"contentUrl\":\"http:\/\/maidsespana.es\/wp-content\/uploads\/2023\/02\/cuidadora-de-mayores.jpg\"},{\"@type\":\"BreadcrumbList\",\"@id\":\"https:\/\/maidsespana.es\/en\/caregiver\/#breadcrumb\",\"itemListElement\":[{\"@type\":\"ListItem\",\"position\":1,\"name\":\"Inicio\",\"item\":\"https:\/\/maidsespana.es\/en\/\"},{\"@type\":\"ListItem\",\"position\":2,\"name\":\"Elderly caregiver\"}]},{\"@type\":\"WebSite\",\"@id\":\"https:\/\/maidsespana.es\/en\/#website\",\"url\":\"https:\/\/maidsespana.es\/en\/\",\"name\":\"Maids & Co\",\"description\":\"Agencia de Servicio Dom\u00e9stico\",\"publisher\":{\"@id\":\"https:\/\/maidsespana.es\/en\/#organization\"},\"potentialAction\":[{\"@type\":\"SearchAction\",\"target\":{\"@type\":\"EntryPoint\",\"urlTemplate\":\"https:\/\/maidsespana.es\/en\/?s={search_term_string}\"},\"query-input\":{\"@type\":\"PropertyValueSpecification\",\"valueRequired\":true,\"valueName\":\"search_term_string\"}}],\"inLanguage\":\"en-US\"},{\"@type\":\"Organization\",\"@id\":\"https:\/\/maidsespana.es\/en\/#organization\",\"name\":\"Maids & Co\",\"url\":\"https:\/\/maidsespana.es\/en\/\",\"logo\":{\"@type\":\"ImageObject\",\"inLanguage\":\"en-US\",\"@id\":\"https:\/\/maidsespana.es\/en\/#\/schema\/logo\/image\/\",\"url\":\"https:\/\/maidsespana.es\/wp-content\/uploads\/2023\/05\/logo-maidsco_redondo.png\",\"contentUrl\":\"https:\/\/maidsespana.es\/wp-content\/uploads\/2023\/05\/logo-maidsco_redondo.png\",\"width\":696,\"height\":696,\"caption\":\"Maids & Co\"},\"image\":{\"@id\":\"https:\/\/maidsespana.es\/en\/#\/schema\/logo\/image\/\"},\"sameAs\":[\"https:\/\/www.facebook.com\/Maidsespana\",\"https:\/\/www.instagram.com\/maidsespana\"]}]}<\/script>\n<!-- \/ Yoast SEO plugin. -->","yoast_head_json":{"title":"Elderly caregiver - Maids &amp; Co","description":"Do you need home care for the elderly? Verified carers and personalised service for the well-being of your loved ones.","robots":{"index":"index","follow":"follow","max-snippet":"max-snippet:-1","max-image-preview":"max-image-preview:large","max-video-preview":"max-video-preview:-1"},"canonical":"https:\/\/maidsespana.es\/en\/caregiver\/","og_locale":"en_US","og_type":"article","og_title":"Elderly caregiver - Maids &amp; Co","og_description":"Do you need home care for the elderly? Verified carers and personalised service for the well-being of your loved ones.","og_url":"https:\/\/maidsespana.es\/en\/caregiver\/","og_site_name":"Maids &amp; Co","article_publisher":"https:\/\/www.facebook.com\/Maidsespana","article_modified_time":"2025-03-13T20:31:14+00:00","og_image":[{"url":"http:\/\/maidsespana.es\/wp-content\/uploads\/2023\/02\/cuidadora-de-mayores.jpg","type":"","width":"","height":""}],"twitter_card":"summary_large_image","schema":{"@context":"https:\/\/schema.org","@graph":[{"@type":"WebPage","@id":"https:\/\/maidsespana.es\/en\/caregiver\/","url":"https:\/\/maidsespana.es\/en\/caregiver\/","name":"Elderly caregiver - Maids &amp; Co","isPartOf":{"@id":"https:\/\/maidsespana.es\/en\/#website"},"primaryImageOfPage":{"@id":"https:\/\/maidsespana.es\/en\/caregiver\/#primaryimage"},"image":{"@id":"https:\/\/maidsespana.es\/en\/caregiver\/#primaryimage"},"thumbnailUrl":"http:\/\/maidsespana.es\/wp-content\/uploads\/2023\/02\/cuidadora-de-mayores.jpg","datePublished":"2023-02-16T13:00:35+00:00","dateModified":"2025-03-13T20:31:14+00:00","description":"Do you need home care for the elderly? Verified carers and personalised service for the well-being of your loved ones.","breadcrumb":{"@id":"https:\/\/maidsespana.es\/en\/caregiver\/#breadcrumb"},"inLanguage":"en-US","potentialAction":[{"@type":"ReadAction","target":["https:\/\/maidsespana.es\/en\/caregiver\/"]}]},{"@type":"ImageObject","inLanguage":"en-US","@id":"https:\/\/maidsespana.es\/en\/caregiver\/#primaryimage","url":"http:\/\/maidsespana.es\/wp-content\/uploads\/2023\/02\/cuidadora-de-mayores.jpg","contentUrl":"http:\/\/maidsespana.es\/wp-content\/uploads\/2023\/02\/cuidadora-de-mayores.jpg"},{"@type":"BreadcrumbList","@id":"https:\/\/maidsespana.es\/en\/caregiver\/#breadcrumb","itemListElement":[{"@type":"ListItem","position":1,"name":"Inicio","item":"https:\/\/maidsespana.es\/en\/"},{"@type":"ListItem","position":2,"name":"Elderly caregiver"}]},{"@type":"WebSite","@id":"https:\/\/maidsespana.es\/en\/#website","url":"https:\/\/maidsespana.es\/en\/","name":"Maids & Co","description":"Agencia de Servicio Dom\u00e9stico","publisher":{"@id":"https:\/\/maidsespana.es\/en\/#organization"},"potentialAction":[{"@type":"SearchAction","target":{"@type":"EntryPoint","urlTemplate":"https:\/\/maidsespana.es\/en\/?s={search_term_string}"},"query-input":{"@type":"PropertyValueSpecification","valueRequired":true,"valueName":"search_term_string"}}],"inLanguage":"en-US"},{"@type":"Organization","@id":"https:\/\/maidsespana.es\/en\/#organization","name":"Maids & Co","url":"https:\/\/maidsespana.es\/en\/","logo":{"@type":"ImageObject","inLanguage":"en-US","@id":"https:\/\/maidsespana.es\/en\/#\/schema\/logo\/image\/","url":"https:\/\/maidsespana.es\/wp-content\/uploads\/2023\/05\/logo-maidsco_redondo.png","contentUrl":"https:\/\/maidsespana.es\/wp-content\/uploads\/2023\/05\/logo-maidsco_redondo.png","width":696,"height":696,"caption":"Maids & Co"},"image":{"@id":"https:\/\/maidsespana.es\/en\/#\/schema\/logo\/image\/"},"sameAs":["https:\/\/www.facebook.com\/Maidsespana","https:\/\/www.instagram.com\/maidsespana"]}]}},"_links":{"self":[{"href":"https:\/\/maidsespana.es\/en\/wp-json\/wp\/v2\/pages\/5330","targetHints":{"allow":["GET"]}}],"collection":[{"href":"https:\/\/maidsespana.es\/en\/wp-json\/wp\/v2\/pages"}],"about":[{"href":"https:\/\/maidsespana.es\/en\/wp-json\/wp\/v2\/types\/page"}],"author":[{"embeddable":true,"href":"https:\/\/maidsespana.es\/en\/wp-json\/wp\/v2\/users\/1"}],"replies":[{"embeddable":true,"href":"https:\/\/maidsespana.es\/en\/wp-json\/wp\/v2\/comments?post=5330"}],"version-history":[{"count":0,"href":"https:\/\/maidsespana.es\/en\/wp-json\/wp\/v2\/pages\/5330\/revisions"}],"wp:attachment":[{"href":"https:\/\/maidsespana.es\/en\/wp-json\/wp\/v2\/media?parent=5330"}],"curies":[{"name":"wp","href":"https:\/\/api.w.org\/{rel}","templated":true}]}}