{"id":5341,"date":"2023-02-15T13:23:57","date_gmt":"2023-02-15T12:23:57","guid":{"rendered":"http:\/\/maidsespana.es\/hourly-housekeeper\/"},"modified":"2025-03-13T21:26:45","modified_gmt":"2025-03-13T20:26:45","slug":"hourly-housekeeper","status":"publish","type":"page","link":"https:\/\/maidsespana.es\/en\/hourly-housekeeper\/","title":{"rendered":"Hourly Housekeeper"},"content":{"rendered":"<h2>\u00bfBuscas empleada de hogar por horas?<\/h2>\n<p>Solucionamos todas tus dudas<br \/>\nTe asesoramos durante todo el proceso<br \/>\nProceso de Selecci\u00f3n Riguroso<br \/>\nReferencias confirmadas<br \/>\nExperiencia y Habilidades contrastadasSatisfacci\u00f3n garantizada o devolvemos tu dinero<br \/>\n<a href=\"http:\/\/maidsespana.es\/contratar-empleada-del-hogar\/\" title=\"COntratar Empleada del Hogar\">CU\u00c9NTANOS LO QUE NECESITAS<\/a><br \/>\n<img decoding=\"async\" src=\"http:\/\/maidsespana.es\/wp-content\/uploads\/2023\/02\/empleada-de-hogar-por-horas.jpg\" alt=\"empleada de hogar por horas\" \/><br \/>\n\u00a0<br \/>\nUna empleada de hogar por horas tiene los mismos derechos que una empleada externa a jornada completa.<br \/>\nSon muy buscadas por personas o familias que necesiten ayuda en el hogar puntualmente, como por ejemplo para la limpieza del hogar. Ofrecen poca flexibilidad de horarios ya que suelen trabajar en muchas casas distintas y tienen que adaptar el servicio a las horas estipuladas por el empleador.\u00a0<br \/>\nDurante la selecci\u00f3n, es importante buscar candidatas que sean orientadas al detalle pero a\u00fan as\u00ed r\u00e1pidas a la hora de ejecutar sus labores. El chequeo de referencias que hacemos suele ayudar esta informaci\u00f3n. <\/p>\n<h2>Condiciones de trabajo y derechos de una empleada de hogar por horas<\/h2>\n<p>La jornada ordinaria m\u00e1xima de trabajo que puede realizar cualquier empleada del hogar es de  40 horas a la semana.Las empleadas de hogar por horas tienen derecho a 30 d\u00edas naturales de vacaciones al a\u00f1o y deben de disfrutar los 14 festivos al a\u00f1o. En el caso de las empleadas de hogar por horas, los d\u00edas de vacaciones dependen de la equivalencia de las horas trabajadas.Alta y cotizaci\u00f3n en la Seguridad Social.<br \/>\nEs obligatorio tramitar el alta en la Seguridad Social por parte de los empleadores desde el primer d\u00eda de trabajo.<\/p>\n<h2>\u00bfTe ayudamos a encontrar una empleada de hogar por horas?<\/h2>\n<p><a href=\"http:\/\/maidsespana.es\/contratar-empleada-del-hogar\/\"><\/a>Escr\u00edbenos sin compromiso y te asesoramos durante todo el proceso. <\/p>\n<h2>\u00bfCu\u00e1nto cobra una empleada de hogar por horas?<\/h2>\n<p>Las Seguridad Social de las empleadas de hogar por horas es un derecho y su alta debe ser tramitada as\u00ed como de los dem\u00e1s empleados de servicio dom\u00e9stico. Si quieres saber cu\u00e1nto cuesta asegurar a una empleada de hogar por horas, puedes calcularlo <a href=\"https:\/\/portal.seg-social.gob.es\/wps\/portal\/importass\/importass\/tramites\/calculadorahogar\/\">aqu\u00ed.<\/a><br \/>\n\u00a0<br \/>\n8,87 por hora min.<br \/>\nUna empleada de hogar por horas deber\u00e1 siempre ser igual o superior al Salario M\u00ednimo Interprofesional vigente\u00a0m\u00e1s la cotizaci\u00f3n a la Seguridad Social.\u00a0<br \/>\nSi hacemos el computo del valor anual por horas, el valor de la hora no podr\u00eda ser inferior a\u00a0 8,87\u20ac . No obstante, en regla general, se suele pagar entre 10-12\u20ac la hora trabajada.\u00a0<\/p>\n<h3>Maids &amp; Co<\/h3>\n<p><a href=\"https:\/\/maidsespana.es\/en\/domestic-staff-agency-in-madrid\/\">Servicio dom\u00e9stico Madrid \u00a0<\/a>|\u00a0 <a href=\"https:\/\/maidsespana.es\/en\/domestic-service-in-marbella\/\">Servicio Dom\u00e9stico Marbella<\/a>Ayudamos a las familias a seleccionar empleadas de hogar por horas que mejor se ajusten a sus necesidades. Tenemos amplia experiencia y un proceso de selecci\u00f3n riguroso que facilita al empleador poder conocer en profundidad cada candidata antes de entrevistarla. Contrastamos la experiencia y habilidades de cada candidata.<a href=\"http:\/\/maidsespana.es\/contratar-empleada-del-hogar\/\" title=\"Contratar Empleada del Hogar\">CONTRATAR EMPLEADA DEL HOGAR<\/a><\/p>\n","protected":false},"excerpt":{"rendered":"<p>\u00bfBuscas empleada de hogar por horas? Solucionamos todas tus dudas Te asesoramos durante todo el proceso Proceso de Selecci\u00f3n Riguroso Referencias confirmadas Experiencia y Habilidades contrastadasSatisfacci\u00f3n<span class=\"excerpt-hellip\"> [\u2026]<\/span><\/p>\n","protected":false},"author":1,"featured_media":0,"parent":0,"menu_order":0,"comment_status":"closed","ping_status":"closed","template":"","meta":{"footnotes":""},"class_list":["post-5341","page","type-page","status-publish","hentry"],"yoast_head":"<!-- This site is optimized with the Yoast SEO plugin v27.2 - https:\/\/yoast.com\/product\/yoast-seo-wordpress\/ -->\n<title>Hourly Housekeeper - Maids &amp; Co<\/title>\n<meta name=\"description\" content=\"We are experts in the selection of housekeepers by the hour, with a flexible, reliable service adapted to the needs of your home.\" \/>\n<meta name=\"robots\" content=\"index, follow, max-snippet:-1, max-image-preview:large, max-video-preview:-1\" \/>\n<link rel=\"canonical\" href=\"https:\/\/maidsespana.es\/en\/hourly-housekeeper\/\" \/>\n<meta property=\"og:locale\" content=\"en_US\" \/>\n<meta property=\"og:type\" content=\"article\" \/>\n<meta property=\"og:title\" content=\"Hourly Housekeeper - Maids &amp; Co\" \/>\n<meta property=\"og:description\" content=\"We are experts in the selection of housekeepers by the hour, with a flexible, reliable service adapted to the needs of your home.\" \/>\n<meta property=\"og:url\" content=\"https:\/\/maidsespana.es\/en\/hourly-housekeeper\/\" \/>\n<meta property=\"og:site_name\" content=\"Maids &amp; Co\" \/>\n<meta property=\"article:publisher\" content=\"https:\/\/www.facebook.com\/Maidsespana\" \/>\n<meta property=\"article:modified_time\" content=\"2025-03-13T20:26:45+00:00\" \/>\n<meta property=\"og:image\" content=\"http:\/\/maidsespana.es\/wp-content\/uploads\/2023\/02\/empleada-de-hogar-por-horas.jpg\" \/>\n<meta name=\"twitter:card\" content=\"summary_large_image\" \/>\n<script type=\"application\/ld+json\" class=\"yoast-schema-graph\">{\"@context\":\"https:\/\/schema.org\",\"@graph\":[{\"@type\":\"WebPage\",\"@id\":\"https:\/\/maidsespana.es\/en\/hourly-housekeeper\/\",\"url\":\"https:\/\/maidsespana.es\/en\/hourly-housekeeper\/\",\"name\":\"Hourly Housekeeper - Maids &amp; Co\",\"isPartOf\":{\"@id\":\"https:\/\/maidsespana.es\/en\/#website\"},\"primaryImageOfPage\":{\"@id\":\"https:\/\/maidsespana.es\/en\/hourly-housekeeper\/#primaryimage\"},\"image\":{\"@id\":\"https:\/\/maidsespana.es\/en\/hourly-housekeeper\/#primaryimage\"},\"thumbnailUrl\":\"http:\/\/maidsespana.es\/wp-content\/uploads\/2023\/02\/empleada-de-hogar-por-horas.jpg\",\"datePublished\":\"2023-02-15T12:23:57+00:00\",\"dateModified\":\"2025-03-13T20:26:45+00:00\",\"description\":\"We are experts in the selection of housekeepers by the hour, with a flexible, reliable service adapted to the needs of your home.\",\"breadcrumb\":{\"@id\":\"https:\/\/maidsespana.es\/en\/hourly-housekeeper\/#breadcrumb\"},\"inLanguage\":\"en-US\",\"potentialAction\":[{\"@type\":\"ReadAction\",\"target\":[\"https:\/\/maidsespana.es\/en\/hourly-housekeeper\/\"]}]},{\"@type\":\"ImageObject\",\"inLanguage\":\"en-US\",\"@id\":\"https:\/\/maidsespana.es\/en\/hourly-housekeeper\/#primaryimage\",\"url\":\"http:\/\/maidsespana.es\/wp-content\/uploads\/2023\/02\/empleada-de-hogar-por-horas.jpg\",\"contentUrl\":\"http:\/\/maidsespana.es\/wp-content\/uploads\/2023\/02\/empleada-de-hogar-por-horas.jpg\"},{\"@type\":\"BreadcrumbList\",\"@id\":\"https:\/\/maidsespana.es\/en\/hourly-housekeeper\/#breadcrumb\",\"itemListElement\":[{\"@type\":\"ListItem\",\"position\":1,\"name\":\"Inicio\",\"item\":\"https:\/\/maidsespana.es\/en\/\"},{\"@type\":\"ListItem\",\"position\":2,\"name\":\"Hourly Housekeeper\"}]},{\"@type\":\"WebSite\",\"@id\":\"https:\/\/maidsespana.es\/en\/#website\",\"url\":\"https:\/\/maidsespana.es\/en\/\",\"name\":\"Maids & Co\",\"description\":\"Agencia de Servicio Dom\u00e9stico\",\"publisher\":{\"@id\":\"https:\/\/maidsespana.es\/en\/#organization\"},\"potentialAction\":[{\"@type\":\"SearchAction\",\"target\":{\"@type\":\"EntryPoint\",\"urlTemplate\":\"https:\/\/maidsespana.es\/en\/?s={search_term_string}\"},\"query-input\":{\"@type\":\"PropertyValueSpecification\",\"valueRequired\":true,\"valueName\":\"search_term_string\"}}],\"inLanguage\":\"en-US\"},{\"@type\":\"Organization\",\"@id\":\"https:\/\/maidsespana.es\/en\/#organization\",\"name\":\"Maids & Co\",\"url\":\"https:\/\/maidsespana.es\/en\/\",\"logo\":{\"@type\":\"ImageObject\",\"inLanguage\":\"en-US\",\"@id\":\"https:\/\/maidsespana.es\/en\/#\/schema\/logo\/image\/\",\"url\":\"https:\/\/maidsespana.es\/wp-content\/uploads\/2023\/05\/logo-maidsco_redondo.png\",\"contentUrl\":\"https:\/\/maidsespana.es\/wp-content\/uploads\/2023\/05\/logo-maidsco_redondo.png\",\"width\":696,\"height\":696,\"caption\":\"Maids & Co\"},\"image\":{\"@id\":\"https:\/\/maidsespana.es\/en\/#\/schema\/logo\/image\/\"},\"sameAs\":[\"https:\/\/www.facebook.com\/Maidsespana\",\"https:\/\/www.instagram.com\/maidsespana\"]}]}<\/script>\n<!-- \/ Yoast SEO plugin. -->","yoast_head_json":{"title":"Hourly Housekeeper - Maids &amp; Co","description":"We are experts in the selection of housekeepers by the hour, with a flexible, reliable service adapted to the needs of your home.","robots":{"index":"index","follow":"follow","max-snippet":"max-snippet:-1","max-image-preview":"max-image-preview:large","max-video-preview":"max-video-preview:-1"},"canonical":"https:\/\/maidsespana.es\/en\/hourly-housekeeper\/","og_locale":"en_US","og_type":"article","og_title":"Hourly Housekeeper - Maids &amp; Co","og_description":"We are experts in the selection of housekeepers by the hour, with a flexible, reliable service adapted to the needs of your home.","og_url":"https:\/\/maidsespana.es\/en\/hourly-housekeeper\/","og_site_name":"Maids &amp; Co","article_publisher":"https:\/\/www.facebook.com\/Maidsespana","article_modified_time":"2025-03-13T20:26:45+00:00","og_image":[{"url":"http:\/\/maidsespana.es\/wp-content\/uploads\/2023\/02\/empleada-de-hogar-por-horas.jpg","type":"","width":"","height":""}],"twitter_card":"summary_large_image","schema":{"@context":"https:\/\/schema.org","@graph":[{"@type":"WebPage","@id":"https:\/\/maidsespana.es\/en\/hourly-housekeeper\/","url":"https:\/\/maidsespana.es\/en\/hourly-housekeeper\/","name":"Hourly Housekeeper - Maids &amp; Co","isPartOf":{"@id":"https:\/\/maidsespana.es\/en\/#website"},"primaryImageOfPage":{"@id":"https:\/\/maidsespana.es\/en\/hourly-housekeeper\/#primaryimage"},"image":{"@id":"https:\/\/maidsespana.es\/en\/hourly-housekeeper\/#primaryimage"},"thumbnailUrl":"http:\/\/maidsespana.es\/wp-content\/uploads\/2023\/02\/empleada-de-hogar-por-horas.jpg","datePublished":"2023-02-15T12:23:57+00:00","dateModified":"2025-03-13T20:26:45+00:00","description":"We are experts in the selection of housekeepers by the hour, with a flexible, reliable service adapted to the needs of your home.","breadcrumb":{"@id":"https:\/\/maidsespana.es\/en\/hourly-housekeeper\/#breadcrumb"},"inLanguage":"en-US","potentialAction":[{"@type":"ReadAction","target":["https:\/\/maidsespana.es\/en\/hourly-housekeeper\/"]}]},{"@type":"ImageObject","inLanguage":"en-US","@id":"https:\/\/maidsespana.es\/en\/hourly-housekeeper\/#primaryimage","url":"http:\/\/maidsespana.es\/wp-content\/uploads\/2023\/02\/empleada-de-hogar-por-horas.jpg","contentUrl":"http:\/\/maidsespana.es\/wp-content\/uploads\/2023\/02\/empleada-de-hogar-por-horas.jpg"},{"@type":"BreadcrumbList","@id":"https:\/\/maidsespana.es\/en\/hourly-housekeeper\/#breadcrumb","itemListElement":[{"@type":"ListItem","position":1,"name":"Inicio","item":"https:\/\/maidsespana.es\/en\/"},{"@type":"ListItem","position":2,"name":"Hourly Housekeeper"}]},{"@type":"WebSite","@id":"https:\/\/maidsespana.es\/en\/#website","url":"https:\/\/maidsespana.es\/en\/","name":"Maids & Co","description":"Agencia de Servicio Dom\u00e9stico","publisher":{"@id":"https:\/\/maidsespana.es\/en\/#organization"},"potentialAction":[{"@type":"SearchAction","target":{"@type":"EntryPoint","urlTemplate":"https:\/\/maidsespana.es\/en\/?s={search_term_string}"},"query-input":{"@type":"PropertyValueSpecification","valueRequired":true,"valueName":"search_term_string"}}],"inLanguage":"en-US"},{"@type":"Organization","@id":"https:\/\/maidsespana.es\/en\/#organization","name":"Maids & Co","url":"https:\/\/maidsespana.es\/en\/","logo":{"@type":"ImageObject","inLanguage":"en-US","@id":"https:\/\/maidsespana.es\/en\/#\/schema\/logo\/image\/","url":"https:\/\/maidsespana.es\/wp-content\/uploads\/2023\/05\/logo-maidsco_redondo.png","contentUrl":"https:\/\/maidsespana.es\/wp-content\/uploads\/2023\/05\/logo-maidsco_redondo.png","width":696,"height":696,"caption":"Maids & Co"},"image":{"@id":"https:\/\/maidsespana.es\/en\/#\/schema\/logo\/image\/"},"sameAs":["https:\/\/www.facebook.com\/Maidsespana","https:\/\/www.instagram.com\/maidsespana"]}]}},"_links":{"self":[{"href":"https:\/\/maidsespana.es\/en\/wp-json\/wp\/v2\/pages\/5341","targetHints":{"allow":["GET"]}}],"collection":[{"href":"https:\/\/maidsespana.es\/en\/wp-json\/wp\/v2\/pages"}],"about":[{"href":"https:\/\/maidsespana.es\/en\/wp-json\/wp\/v2\/types\/page"}],"author":[{"embeddable":true,"href":"https:\/\/maidsespana.es\/en\/wp-json\/wp\/v2\/users\/1"}],"replies":[{"embeddable":true,"href":"https:\/\/maidsespana.es\/en\/wp-json\/wp\/v2\/comments?post=5341"}],"version-history":[{"count":0,"href":"https:\/\/maidsespana.es\/en\/wp-json\/wp\/v2\/pages\/5341\/revisions"}],"wp:attachment":[{"href":"https:\/\/maidsespana.es\/en\/wp-json\/wp\/v2\/media?parent=5341"}],"curies":[{"name":"wp","href":"https:\/\/api.w.org\/{rel}","templated":true}]}}