{"id":5346,"date":"2023-02-15T23:40:44","date_gmt":"2023-02-15T22:40:44","guid":{"rendered":"http:\/\/maidsespana.es\/childcare\/"},"modified":"2025-03-13T21:28:40","modified_gmt":"2025-03-13T20:28:40","slug":"nanny","status":"publish","type":"page","link":"https:\/\/maidsespana.es\/en\/nanny\/","title":{"rendered":"Nannies"},"content":{"rendered":"<h4>\u00bfTe interesar\u00eda contratar una ni\u00f1era?<\/h4>\n<p>Solucionamos todas tus dudas<br \/>\nTe asesoramos durante todo el proceso<br \/>\nProceso de Selecci\u00f3n Riguroso<br \/>\nReferencias confirmadas<br \/>\nExperiencia y Habilidades contrastadasSatisfacci\u00f3n garantizada o devolvemos tu dinero<br \/>\n<a href=\"http:\/\/maidsespana.es\/contratar-empleada-del-hogar\/\" title=\"Contratar empleada del hogar\">CU\u00c9NTANOS LO QUE NECESITAS<\/a><br \/>\n<img decoding=\"async\" src=\"http:\/\/maidsespana.es\/wp-content\/uploads\/2023\/02\/nineras.jpg\" alt=\"cuidadora de ni\u00f1os\" \/><br \/>\n\u00a0<br \/>\nUna ni\u00f1era es un perfil cada vez m\u00e1s buscado por familias de padres que trabajan fuera o teletrabajan. Suelen compaginar el cuidado de los ni\u00f1os con las tareas del hogar pero siempre con enfoque principal a las necesidades del ni\u00f1o.\u00a0<br \/>\nDurante nuestra selecci\u00f3n, buscamos siempre candidatas con mucha experiencia, que sean cari\u00f1osas y que sientan pasi\u00f3n por el cuidado infantil. Tenemos tambi\u00e9n la opci\u00f3n de canguro ni\u00f1era, salus y babysitters\u00a0con formaci\u00f3n en educaci\u00f3n o otro tema relacionado. Para estas posiciones, es extremadamente importante la contrastaci\u00f3n de referencias para confirmar la fiabilidad y habilidades de la candidata.\u00a0\u00a0<\/p>\n<h2>Las tareas que las ni\u00f1eras suelen realizar son:<\/h2>\n<p>Todos los cuidados b\u00e1sicos del ni\u00f1o: Ba\u00f1os, duchas, aseos, vestir, cambiar pa\u00f1ales, etc.Preparar y darles la comida<br \/>\nLevantar y\/o acostar a los ni\u00f1os<br \/>\nLlevar y recoger a los ni\u00f1os del colegio, guarder\u00eda, etc<br \/>\nPasear y jugar con los ni\u00f1osEstablecer y\/o seguir rutinas<br \/>\nDar soporte en la educaci\u00f3n del ni\u00f1o<br \/>\nLlevar al m\u00e9dico cuando necesario<br \/>\nAyudar con los deberes<br \/>\nLa modalidad de la contrataci\u00f3n de una ni\u00f1era\u00a0puede ser como <a href=\"http:\/\/maidsespana.es\/empleada-de-hogar-externa\/\">empleada del hogar externa<\/a> o de las <a href=\"http:\/\/maidsespana.es\/empleadas-de-hogar-internas\/\">empleadas del hogar internas<\/a>, si residen en el domicilio del empleador.<br \/>\n\u00a0Hay tambi\u00e9n la opci\u00f3n de optar por una jornada extendida que se adecue al horario de trabajo de los padres o contratar a una ni\u00f1era por horas, siendo obligatorio tramitar el alta en la <a href=\"https:\/\/www.seg-social.es\/wps\/portal\/wss\/internet\/Trabajadores\/CotizacionRecaudacionTrabajadores\/10721\/10957\/2222\/2225\">Seguridad Social<\/a> por parte de los empleadores desde el primer d\u00eda de trabajo.\u00a0El salario de una ni\u00f1era puede variar seg\u00fan se tipo de jornada, formaci\u00f3n y experiencia, pero deber\u00e1 siempre ser igual o superior al Salario M\u00ednimo Interprofesional.<\/p>\n<h2>\u00bfTe ayudamos a encontrar una ni\u00f1era?<\/h2>\n<p><a href=\"http:\/\/maidsespana.es\/contratar-empleada-del-hogar\/\"><\/a>Profesionales con referencias y experiencia contrastadas.<\/p>\n","protected":false},"excerpt":{"rendered":"<p>\u00bfTe interesar\u00eda contratar una ni\u00f1era? Solucionamos todas tus dudas Te asesoramos durante todo el proceso Proceso de Selecci\u00f3n Riguroso Referencias confirmadas Experiencia y Habilidades contrastadasSatisfacci\u00f3n garantizada<span class=\"excerpt-hellip\"> [\u2026]<\/span><\/p>\n","protected":false},"author":1,"featured_media":0,"parent":0,"menu_order":0,"comment_status":"closed","ping_status":"closed","template":"","meta":{"footnotes":""},"class_list":["post-5346","page","type-page","status-publish","hentry"],"yoast_head":"<!-- This site is optimized with the Yoast SEO plugin v27.2 - https:\/\/yoast.com\/product\/yoast-seo-wordpress\/ -->\n<title>Nannies - Maids &amp; Co<\/title>\n<meta name=\"description\" content=\"Hire reliable nannies with Maids Co. We offer personalised selection and verified candidates, ensuring the safety and well-being of your children.\" \/>\n<meta name=\"robots\" content=\"index, follow, max-snippet:-1, max-image-preview:large, max-video-preview:-1\" \/>\n<link rel=\"canonical\" href=\"https:\/\/maidsespana.es\/en\/nanny\/\" \/>\n<meta property=\"og:locale\" content=\"en_US\" \/>\n<meta property=\"og:type\" content=\"article\" \/>\n<meta property=\"og:title\" content=\"Nannies - Maids &amp; Co\" \/>\n<meta property=\"og:description\" content=\"Hire reliable nannies with Maids Co. We offer personalised selection and verified candidates, ensuring the safety and well-being of your children.\" \/>\n<meta property=\"og:url\" content=\"https:\/\/maidsespana.es\/en\/nanny\/\" \/>\n<meta property=\"og:site_name\" content=\"Maids &amp; Co\" \/>\n<meta property=\"article:publisher\" content=\"https:\/\/www.facebook.com\/Maidsespana\" \/>\n<meta property=\"article:modified_time\" content=\"2025-03-13T20:28:40+00:00\" \/>\n<meta property=\"og:image\" content=\"http:\/\/maidsespana.es\/wp-content\/uploads\/2023\/02\/nineras.jpg\" \/>\n<meta name=\"twitter:card\" content=\"summary_large_image\" \/>\n<script type=\"application\/ld+json\" class=\"yoast-schema-graph\">{\"@context\":\"https:\/\/schema.org\",\"@graph\":[{\"@type\":\"WebPage\",\"@id\":\"https:\/\/maidsespana.es\/en\/nanny\/\",\"url\":\"https:\/\/maidsespana.es\/en\/nanny\/\",\"name\":\"Nannies - Maids &amp; Co\",\"isPartOf\":{\"@id\":\"https:\/\/maidsespana.es\/en\/#website\"},\"primaryImageOfPage\":{\"@id\":\"https:\/\/maidsespana.es\/en\/nanny\/#primaryimage\"},\"image\":{\"@id\":\"https:\/\/maidsespana.es\/en\/nanny\/#primaryimage\"},\"thumbnailUrl\":\"http:\/\/maidsespana.es\/wp-content\/uploads\/2023\/02\/nineras.jpg\",\"datePublished\":\"2023-02-15T22:40:44+00:00\",\"dateModified\":\"2025-03-13T20:28:40+00:00\",\"description\":\"Hire reliable nannies with Maids Co. We offer personalised selection and verified candidates, ensuring the safety and well-being of your children.\",\"breadcrumb\":{\"@id\":\"https:\/\/maidsespana.es\/en\/nanny\/#breadcrumb\"},\"inLanguage\":\"en-US\",\"potentialAction\":[{\"@type\":\"ReadAction\",\"target\":[\"https:\/\/maidsespana.es\/en\/nanny\/\"]}]},{\"@type\":\"ImageObject\",\"inLanguage\":\"en-US\",\"@id\":\"https:\/\/maidsespana.es\/en\/nanny\/#primaryimage\",\"url\":\"http:\/\/maidsespana.es\/wp-content\/uploads\/2023\/02\/nineras.jpg\",\"contentUrl\":\"http:\/\/maidsespana.es\/wp-content\/uploads\/2023\/02\/nineras.jpg\"},{\"@type\":\"BreadcrumbList\",\"@id\":\"https:\/\/maidsespana.es\/en\/nanny\/#breadcrumb\",\"itemListElement\":[{\"@type\":\"ListItem\",\"position\":1,\"name\":\"Inicio\",\"item\":\"https:\/\/maidsespana.es\/en\/\"},{\"@type\":\"ListItem\",\"position\":2,\"name\":\"Nannies\"}]},{\"@type\":\"WebSite\",\"@id\":\"https:\/\/maidsespana.es\/en\/#website\",\"url\":\"https:\/\/maidsespana.es\/en\/\",\"name\":\"Maids & Co\",\"description\":\"Agencia de Servicio Dom\u00e9stico\",\"publisher\":{\"@id\":\"https:\/\/maidsespana.es\/en\/#organization\"},\"potentialAction\":[{\"@type\":\"SearchAction\",\"target\":{\"@type\":\"EntryPoint\",\"urlTemplate\":\"https:\/\/maidsespana.es\/en\/?s={search_term_string}\"},\"query-input\":{\"@type\":\"PropertyValueSpecification\",\"valueRequired\":true,\"valueName\":\"search_term_string\"}}],\"inLanguage\":\"en-US\"},{\"@type\":\"Organization\",\"@id\":\"https:\/\/maidsespana.es\/en\/#organization\",\"name\":\"Maids & Co\",\"url\":\"https:\/\/maidsespana.es\/en\/\",\"logo\":{\"@type\":\"ImageObject\",\"inLanguage\":\"en-US\",\"@id\":\"https:\/\/maidsespana.es\/en\/#\/schema\/logo\/image\/\",\"url\":\"https:\/\/maidsespana.es\/wp-content\/uploads\/2023\/05\/logo-maidsco_redondo.png\",\"contentUrl\":\"https:\/\/maidsespana.es\/wp-content\/uploads\/2023\/05\/logo-maidsco_redondo.png\",\"width\":696,\"height\":696,\"caption\":\"Maids & Co\"},\"image\":{\"@id\":\"https:\/\/maidsespana.es\/en\/#\/schema\/logo\/image\/\"},\"sameAs\":[\"https:\/\/www.facebook.com\/Maidsespana\",\"https:\/\/www.instagram.com\/maidsespana\"]}]}<\/script>\n<!-- \/ Yoast SEO plugin. -->","yoast_head_json":{"title":"Nannies - Maids &amp; Co","description":"Hire reliable nannies with Maids Co. We offer personalised selection and verified candidates, ensuring the safety and well-being of your children.","robots":{"index":"index","follow":"follow","max-snippet":"max-snippet:-1","max-image-preview":"max-image-preview:large","max-video-preview":"max-video-preview:-1"},"canonical":"https:\/\/maidsespana.es\/en\/nanny\/","og_locale":"en_US","og_type":"article","og_title":"Nannies - Maids &amp; Co","og_description":"Hire reliable nannies with Maids Co. We offer personalised selection and verified candidates, ensuring the safety and well-being of your children.","og_url":"https:\/\/maidsespana.es\/en\/nanny\/","og_site_name":"Maids &amp; Co","article_publisher":"https:\/\/www.facebook.com\/Maidsespana","article_modified_time":"2025-03-13T20:28:40+00:00","og_image":[{"url":"http:\/\/maidsespana.es\/wp-content\/uploads\/2023\/02\/nineras.jpg","type":"","width":"","height":""}],"twitter_card":"summary_large_image","schema":{"@context":"https:\/\/schema.org","@graph":[{"@type":"WebPage","@id":"https:\/\/maidsespana.es\/en\/nanny\/","url":"https:\/\/maidsespana.es\/en\/nanny\/","name":"Nannies - Maids &amp; Co","isPartOf":{"@id":"https:\/\/maidsespana.es\/en\/#website"},"primaryImageOfPage":{"@id":"https:\/\/maidsespana.es\/en\/nanny\/#primaryimage"},"image":{"@id":"https:\/\/maidsespana.es\/en\/nanny\/#primaryimage"},"thumbnailUrl":"http:\/\/maidsespana.es\/wp-content\/uploads\/2023\/02\/nineras.jpg","datePublished":"2023-02-15T22:40:44+00:00","dateModified":"2025-03-13T20:28:40+00:00","description":"Hire reliable nannies with Maids Co. We offer personalised selection and verified candidates, ensuring the safety and well-being of your children.","breadcrumb":{"@id":"https:\/\/maidsespana.es\/en\/nanny\/#breadcrumb"},"inLanguage":"en-US","potentialAction":[{"@type":"ReadAction","target":["https:\/\/maidsespana.es\/en\/nanny\/"]}]},{"@type":"ImageObject","inLanguage":"en-US","@id":"https:\/\/maidsespana.es\/en\/nanny\/#primaryimage","url":"http:\/\/maidsespana.es\/wp-content\/uploads\/2023\/02\/nineras.jpg","contentUrl":"http:\/\/maidsespana.es\/wp-content\/uploads\/2023\/02\/nineras.jpg"},{"@type":"BreadcrumbList","@id":"https:\/\/maidsespana.es\/en\/nanny\/#breadcrumb","itemListElement":[{"@type":"ListItem","position":1,"name":"Inicio","item":"https:\/\/maidsespana.es\/en\/"},{"@type":"ListItem","position":2,"name":"Nannies"}]},{"@type":"WebSite","@id":"https:\/\/maidsespana.es\/en\/#website","url":"https:\/\/maidsespana.es\/en\/","name":"Maids & Co","description":"Agencia de Servicio Dom\u00e9stico","publisher":{"@id":"https:\/\/maidsespana.es\/en\/#organization"},"potentialAction":[{"@type":"SearchAction","target":{"@type":"EntryPoint","urlTemplate":"https:\/\/maidsespana.es\/en\/?s={search_term_string}"},"query-input":{"@type":"PropertyValueSpecification","valueRequired":true,"valueName":"search_term_string"}}],"inLanguage":"en-US"},{"@type":"Organization","@id":"https:\/\/maidsespana.es\/en\/#organization","name":"Maids & Co","url":"https:\/\/maidsespana.es\/en\/","logo":{"@type":"ImageObject","inLanguage":"en-US","@id":"https:\/\/maidsespana.es\/en\/#\/schema\/logo\/image\/","url":"https:\/\/maidsespana.es\/wp-content\/uploads\/2023\/05\/logo-maidsco_redondo.png","contentUrl":"https:\/\/maidsespana.es\/wp-content\/uploads\/2023\/05\/logo-maidsco_redondo.png","width":696,"height":696,"caption":"Maids & Co"},"image":{"@id":"https:\/\/maidsespana.es\/en\/#\/schema\/logo\/image\/"},"sameAs":["https:\/\/www.facebook.com\/Maidsespana","https:\/\/www.instagram.com\/maidsespana"]}]}},"_links":{"self":[{"href":"https:\/\/maidsespana.es\/en\/wp-json\/wp\/v2\/pages\/5346","targetHints":{"allow":["GET"]}}],"collection":[{"href":"https:\/\/maidsespana.es\/en\/wp-json\/wp\/v2\/pages"}],"about":[{"href":"https:\/\/maidsespana.es\/en\/wp-json\/wp\/v2\/types\/page"}],"author":[{"embeddable":true,"href":"https:\/\/maidsespana.es\/en\/wp-json\/wp\/v2\/users\/1"}],"replies":[{"embeddable":true,"href":"https:\/\/maidsespana.es\/en\/wp-json\/wp\/v2\/comments?post=5346"}],"version-history":[{"count":0,"href":"https:\/\/maidsespana.es\/en\/wp-json\/wp\/v2\/pages\/5346\/revisions"}],"wp:attachment":[{"href":"https:\/\/maidsespana.es\/en\/wp-json\/wp\/v2\/media?parent=5346"}],"curies":[{"name":"wp","href":"https:\/\/api.w.org\/{rel}","templated":true}]}}