{"id":7003,"date":"2024-10-16T14:47:32","date_gmt":"2024-10-16T12:47:32","guid":{"rendered":"https:\/\/maidsespana.es\/domestic-service-barcelona\/"},"modified":"2024-10-16T14:47:32","modified_gmt":"2024-10-16T12:47:32","slug":"domestic-service-barcelona","status":"publish","type":"page","link":"https:\/\/maidsespana.es\/en\/domestic-service-barcelona\/","title":{"rendered":"Domestic Service Barcelona"},"content":{"rendered":"<h2>Welcome to Maids &amp; Co<\/h2>\n<h1>Household Staff Agency Barcelona<\/h1>\n<p><img decoding=\"async\" src=\"https:\/\/maidsespana.es\/wp-content\/uploads\/2024\/10\/empleada-de-hogar-web-e1729073159601.jpg\" alt=\"Household Staff Agency Barcelona\"><\/p>\n<h2>AUTHORISED EMPLOYMENT AGENCY <\/h2>\n<p>Maids &amp; Co is certified by the <a href=\"https:\/\/www.sistemanacionalempleo.es\/AgenciasColocacion_WEB\/consultarAgenciasColocacion.do?modo=mostrarAgencias&amp;idAgencia=1300000318&amp;origen=buscador\">Sistema Nacional de Empleo n.1300000318.<\/a><\/p>\n<h2>GUARANTEED SUCCESS OR YOUR MONEY BACK<\/h2>\n<p>We will refund your money in the first month if you are not satisfied, and we offer a free replacement in the first 6 months.<\/p>\n<h3>PROFESSIONAL SELECTION<\/h3>\n<p>Strict and personalised selection to find the ideal person. And best of all, you only pay if you decide to hire. <\/p>\n<h3>ACCESSIBLE AND FAST<\/h3>\n<p>We are always at your disposal, with 24\/7 attention for any emergency or need that may arise.<\/p>\n<h2>Reliable domestic service in Barcelona, with experience and verified references.<\/h2>\n<p>At Maids &amp; Co, we understand the importance of having reliable and highly trained professionals for the care and maintenance of your home. With more than 15 years of experience and a solid track record in Spain, with offices in <a href=\"https:\/\/maidsespana.es\/en\/domestic-staff-agency-in-madrid\/\">Madrid<\/a> and <a href=\"https:\/\/maidsespana.es\/en\/domestic-service-in-marbella\/\">Marbella<\/a>, Brazil and the United States, we specialise in offering a selection of high quality domestic services in Barcelona, adapted to the specific needs of each client.<br \/>\nWe are the only agency in the sector that offers a money back guarantee in case of dissatisfaction, because we believe in the quality and professionalism of our team. We focus on personalised services that ensure the satisfaction, security and peace of mind of our clients, making us the ideal choice to manage your household needs with total confidence. <a href=\"https:\/\/maidsespana.es\/en\/hiring-a-domestic-helper\/\" title=\"Hire a Housekeeper\">REQUEST YOUR QUOTE<\/a>  <\/p>\n<h2>Our Selection of Domestic Services<\/h2>\n<p><img decoding=\"async\" src=\"https:\/\/maidsespana.es\/wp-content\/uploads\/2024\/06\/agencia-de-servicio-domestico-madrid-_4_-2.webp\" alt=\"housekeeper\"><\/p>\n<h3>Live-in, Live-out Housekeepers <\/h3>\n<p>Selection of live-in, full-time, part-time and hourly housekeepers. With at least 3 years&#8217; experience and verified references. <img decoding=\"async\" src=\"https:\/\/maidsespana.es\/wp-content\/uploads\/2024\/06\/agencia-de-servicio-domestico-madrid-4.webp\" alt=\"child care\"><\/p>\n<h3>Nannies and Babysitters for Children and Babies<\/h3>\n<p>Reliable nannies for part-time or full-time childcare in Barcelona, including nannies with languages, educators, babysitters, babysitters and newborn care.<img decoding=\"async\" src=\"https:\/\/maidsespana.es\/wp-content\/uploads\/2024\/06\/agencia-de-servicio-domestico-madrid-_2_-3.webp\" alt=\"caregiver for the elderly\"><\/p>\n<h3>Elderly and Dependent Care<\/h3>\n<p>We carry out a thorough selection of carers for the elderly in Barcelona, looking for qualified staff, with patience, empathy and dedication.<img decoding=\"async\" src=\"https:\/\/maidsespana.es\/wp-content\/uploads\/2024\/06\/agencia-de-servicio-domestico-madrid-_3_-2.webp\" alt=\"other domestic services\"><\/p>\n<h3>Other Special Domestic Services<\/h3>\n<p>We offer customised options to cover special needs, such as drivers, live-in couples, cooks, teachers, labour administration and more.WE WORK BASED ON SUCCESS: YOU ONLY PAY IF YOU DECIDE TO HIRE ONE OF OUR CANDIDATES.<\/p>\n<h2>Do you need a reliable domestic service in Barcelona?<\/h2>\n<p><a href=\"https:\/\/maidsespana.es\/en\/hiring-a-domestic-helper\/\" title=\"\">REQUEST A QUOTE<\/a><br \/>\n<img decoding=\"async\" src=\"https:\/\/maidsespana.es\/wp-content\/uploads\/2024\/10\/empleada-de-hogar-filipina-barcelona.webp\" alt=\"domestic service agency madrid\"><\/p>\n<h2>Housekeeper with English for Expats and Internationals in Barcelona<\/h2>\n<h3>At Maids&amp;Co Barcelona, we specialise in offering domestic service solutions for expats and internationals even before they arrive in the city. We facilitate the transition of international families with multilingual attention adapted to their specific needs. <\/h3>\n<p>We offer Filipino domestic service in Barcelona, known for its professionalism and experience, ideal for those looking for a high level of quality and trust in the home. Whether for childcare, cleaning or comprehensive assistance, our team is ready to support families in their adaptation to the city, ensuring an efficient and personalised service. options that perfectly suit your requirements and preferences.20+nationalities catered for.  <\/p>\n<h2>What do customers who hire domestic service with Maids &amp; Co say?<\/h2>\n<p>             <!-- R-CONTENT -->Excellent service provided.<br \/>\nMe ayudaron a buscar una interna envi\u00e1ndome muchas candidatas que se adecuaron a lo que buscaba.<br \/>\nSon muy atenciosas y hacen la gesti\u00f3n muy f\u00e1cil para los clientes.<!-- R-CONTENT --> Clio Spinelli Pereira Cardoso 06\/10\/2024 <!-- R-CONTENT -->Excelente la atenci\u00f3n y dedicaci\u00f3n de Natalia, Luanda e Isabella. Sin duda, recomendar\u00eda sus servicios. \u00a1Enhorabuena!<!-- R-CONTENT --> Virginia 12\/09\/2024 <!-- R-CONTENT -->Un servicio fant\u00e1stico. Son muy amables y se preocupan por ayudarte a encontrar lo que necesitas, de una manera cercana y profesional. Yo estoy encantada con ellas, y las recomendar\u00e9 sin duda a cualquiera que pueda necesitar sus servicios.<!-- R-CONTENT --> Patricia D\u00edaz 06\/09\/2024 <!-- R-CONTENT -->Todo el servicio perfecto<!-- R-CONTENT --> Julia Helena Ostrowiecki 05\/09\/2024 <!-- R-CONTENT -->Excelente servicio y comunicaci\u00f3n. Recomendable!!!!!<!-- R-CONTENT --> Nadiezhda Acosta 04\/09\/2024 <!-- R-CONTENT -->La atenci\u00f3n de Isabella y Luanda es impecable.<!-- R-CONTENT --> Victoria Pastor 19\/07\/2024 <!-- R-CONTENT -->Actualizo rese\u00f1a.<br \/>\nEl documento proporcionado en su web si puede abrise y es de gran ayuda.<br \/>\nEra problema de mi ordenador. Disculpas<!-- R-CONTENT --> Oscar 06\/06\/2024 <!-- R-CONTENT -->Servicio genial y muy \u00e1gil!       I recommend it!<!-- R-CONTENT --> Guilherme Hadler Ferreira Machado 08\/03\/2024 <!-- R-CONTENT -->We are very happy with the service. We were presented with several candidates tailored for our needs and budget.<br \/>\nI appreciate the fact that after signing the contract with our maid, we were still getting support with admin questions.<br \/>\nWe also got support on all steps leading to the contract, including prep of documents, and taking care of social security payments.<!-- R-CONTENT --> Lu\u00eds Sousa 24\/01\/2024 La evaluaci\u00f3n general en Google es 5.0 de 5, en base a 28 rese\u00f1as <\/p>\n","protected":false},"excerpt":{"rendered":"<p>Welcome to Maids &amp; Co Household Staff Agency Barcelona AUTHORISED EMPLOYMENT AGENCY Maids &amp; Co is certified by the Sistema Nacional de Empleo n.1300000318. GUARANTEED SUCCESS<span class=\"excerpt-hellip\"> [\u2026]<\/span><\/p>\n","protected":false},"author":1,"featured_media":0,"parent":0,"menu_order":0,"comment_status":"closed","ping_status":"closed","template":"","meta":{"footnotes":""},"class_list":["post-7003","page","type-page","status-publish","hentry"],"yoast_head":"<!-- This site is optimized with the Yoast SEO plugin v27.2 - https:\/\/yoast.com\/product\/yoast-seo-wordpress\/ -->\n<title>Domestic Service Barcelona - Maids &amp; Co<\/title>\n<meta name=\"description\" content=\"Domestic Service Agency in Barcelona: selection of live-in maids, live-out maids, nannies and babysitters with verified references.\" \/>\n<meta name=\"robots\" content=\"index, follow, max-snippet:-1, max-image-preview:large, max-video-preview:-1\" \/>\n<link rel=\"canonical\" href=\"https:\/\/maidsespana.es\/en\/domestic-service-barcelona\/\" \/>\n<meta property=\"og:locale\" content=\"en_US\" \/>\n<meta property=\"og:type\" content=\"article\" \/>\n<meta property=\"og:title\" content=\"Domestic Service Barcelona - Maids &amp; Co\" \/>\n<meta property=\"og:description\" content=\"Domestic Service Agency in Barcelona: selection of live-in maids, live-out maids, nannies and babysitters with verified references.\" \/>\n<meta property=\"og:url\" content=\"https:\/\/maidsespana.es\/en\/domestic-service-barcelona\/\" \/>\n<meta property=\"og:site_name\" content=\"Maids &amp; Co\" \/>\n<meta property=\"article:publisher\" content=\"https:\/\/www.facebook.com\/Maidsespana\" \/>\n<meta property=\"og:image\" content=\"https:\/\/maidsespana.es\/wp-content\/uploads\/2024\/10\/empleada-de-hogar-web-e1729073159601.jpg\" \/>\n<meta name=\"twitter:card\" content=\"summary_large_image\" \/>\n<script type=\"application\/ld+json\" class=\"yoast-schema-graph\">{\"@context\":\"https:\/\/schema.org\",\"@graph\":[{\"@type\":\"WebPage\",\"@id\":\"https:\/\/maidsespana.es\/en\/domestic-service-barcelona\/\",\"url\":\"https:\/\/maidsespana.es\/en\/domestic-service-barcelona\/\",\"name\":\"Domestic Service Barcelona - Maids &amp; Co\",\"isPartOf\":{\"@id\":\"https:\/\/maidsespana.es\/en\/#website\"},\"primaryImageOfPage\":{\"@id\":\"https:\/\/maidsespana.es\/en\/domestic-service-barcelona\/#primaryimage\"},\"image\":{\"@id\":\"https:\/\/maidsespana.es\/en\/domestic-service-barcelona\/#primaryimage\"},\"thumbnailUrl\":\"https:\/\/maidsespana.es\/wp-content\/uploads\/2024\/10\/empleada-de-hogar-web-e1729073159601.jpg\",\"datePublished\":\"2024-10-16T12:47:32+00:00\",\"description\":\"Domestic Service Agency in Barcelona: selection of live-in maids, live-out maids, nannies and babysitters with verified references.\",\"breadcrumb\":{\"@id\":\"https:\/\/maidsespana.es\/en\/domestic-service-barcelona\/#breadcrumb\"},\"inLanguage\":\"en-US\",\"potentialAction\":[{\"@type\":\"ReadAction\",\"target\":[\"https:\/\/maidsespana.es\/en\/domestic-service-barcelona\/\"]}]},{\"@type\":\"ImageObject\",\"inLanguage\":\"en-US\",\"@id\":\"https:\/\/maidsespana.es\/en\/domestic-service-barcelona\/#primaryimage\",\"url\":\"https:\/\/maidsespana.es\/wp-content\/uploads\/2024\/10\/empleada-de-hogar-web-e1729073159601.jpg\",\"contentUrl\":\"https:\/\/maidsespana.es\/wp-content\/uploads\/2024\/10\/empleada-de-hogar-web-e1729073159601.jpg\"},{\"@type\":\"BreadcrumbList\",\"@id\":\"https:\/\/maidsespana.es\/en\/domestic-service-barcelona\/#breadcrumb\",\"itemListElement\":[{\"@type\":\"ListItem\",\"position\":1,\"name\":\"Inicio\",\"item\":\"https:\/\/maidsespana.es\/en\/\"},{\"@type\":\"ListItem\",\"position\":2,\"name\":\"Domestic Service Barcelona\"}]},{\"@type\":\"WebSite\",\"@id\":\"https:\/\/maidsespana.es\/en\/#website\",\"url\":\"https:\/\/maidsespana.es\/en\/\",\"name\":\"Maids & Co\",\"description\":\"Agencia de Servicio Dom\u00e9stico\",\"publisher\":{\"@id\":\"https:\/\/maidsespana.es\/en\/#organization\"},\"potentialAction\":[{\"@type\":\"SearchAction\",\"target\":{\"@type\":\"EntryPoint\",\"urlTemplate\":\"https:\/\/maidsespana.es\/en\/?s={search_term_string}\"},\"query-input\":{\"@type\":\"PropertyValueSpecification\",\"valueRequired\":true,\"valueName\":\"search_term_string\"}}],\"inLanguage\":\"en-US\"},{\"@type\":\"Organization\",\"@id\":\"https:\/\/maidsespana.es\/en\/#organization\",\"name\":\"Maids & Co\",\"url\":\"https:\/\/maidsespana.es\/en\/\",\"logo\":{\"@type\":\"ImageObject\",\"inLanguage\":\"en-US\",\"@id\":\"https:\/\/maidsespana.es\/en\/#\/schema\/logo\/image\/\",\"url\":\"https:\/\/maidsespana.es\/wp-content\/uploads\/2023\/05\/logo-maidsco_redondo.png\",\"contentUrl\":\"https:\/\/maidsespana.es\/wp-content\/uploads\/2023\/05\/logo-maidsco_redondo.png\",\"width\":696,\"height\":696,\"caption\":\"Maids & Co\"},\"image\":{\"@id\":\"https:\/\/maidsespana.es\/en\/#\/schema\/logo\/image\/\"},\"sameAs\":[\"https:\/\/www.facebook.com\/Maidsespana\",\"https:\/\/www.instagram.com\/maidsespana\"]}]}<\/script>\n<!-- \/ Yoast SEO plugin. -->","yoast_head_json":{"title":"Domestic Service Barcelona - Maids &amp; Co","description":"Domestic Service Agency in Barcelona: selection of live-in maids, live-out maids, nannies and babysitters with verified references.","robots":{"index":"index","follow":"follow","max-snippet":"max-snippet:-1","max-image-preview":"max-image-preview:large","max-video-preview":"max-video-preview:-1"},"canonical":"https:\/\/maidsespana.es\/en\/domestic-service-barcelona\/","og_locale":"en_US","og_type":"article","og_title":"Domestic Service Barcelona - Maids &amp; Co","og_description":"Domestic Service Agency in Barcelona: selection of live-in maids, live-out maids, nannies and babysitters with verified references.","og_url":"https:\/\/maidsespana.es\/en\/domestic-service-barcelona\/","og_site_name":"Maids &amp; Co","article_publisher":"https:\/\/www.facebook.com\/Maidsespana","og_image":[{"url":"https:\/\/maidsespana.es\/wp-content\/uploads\/2024\/10\/empleada-de-hogar-web-e1729073159601.jpg","type":"","width":"","height":""}],"twitter_card":"summary_large_image","schema":{"@context":"https:\/\/schema.org","@graph":[{"@type":"WebPage","@id":"https:\/\/maidsespana.es\/en\/domestic-service-barcelona\/","url":"https:\/\/maidsespana.es\/en\/domestic-service-barcelona\/","name":"Domestic Service Barcelona - Maids &amp; Co","isPartOf":{"@id":"https:\/\/maidsespana.es\/en\/#website"},"primaryImageOfPage":{"@id":"https:\/\/maidsespana.es\/en\/domestic-service-barcelona\/#primaryimage"},"image":{"@id":"https:\/\/maidsespana.es\/en\/domestic-service-barcelona\/#primaryimage"},"thumbnailUrl":"https:\/\/maidsespana.es\/wp-content\/uploads\/2024\/10\/empleada-de-hogar-web-e1729073159601.jpg","datePublished":"2024-10-16T12:47:32+00:00","description":"Domestic Service Agency in Barcelona: selection of live-in maids, live-out maids, nannies and babysitters with verified references.","breadcrumb":{"@id":"https:\/\/maidsespana.es\/en\/domestic-service-barcelona\/#breadcrumb"},"inLanguage":"en-US","potentialAction":[{"@type":"ReadAction","target":["https:\/\/maidsespana.es\/en\/domestic-service-barcelona\/"]}]},{"@type":"ImageObject","inLanguage":"en-US","@id":"https:\/\/maidsespana.es\/en\/domestic-service-barcelona\/#primaryimage","url":"https:\/\/maidsespana.es\/wp-content\/uploads\/2024\/10\/empleada-de-hogar-web-e1729073159601.jpg","contentUrl":"https:\/\/maidsespana.es\/wp-content\/uploads\/2024\/10\/empleada-de-hogar-web-e1729073159601.jpg"},{"@type":"BreadcrumbList","@id":"https:\/\/maidsespana.es\/en\/domestic-service-barcelona\/#breadcrumb","itemListElement":[{"@type":"ListItem","position":1,"name":"Inicio","item":"https:\/\/maidsespana.es\/en\/"},{"@type":"ListItem","position":2,"name":"Domestic Service Barcelona"}]},{"@type":"WebSite","@id":"https:\/\/maidsespana.es\/en\/#website","url":"https:\/\/maidsespana.es\/en\/","name":"Maids & Co","description":"Agencia de Servicio Dom\u00e9stico","publisher":{"@id":"https:\/\/maidsespana.es\/en\/#organization"},"potentialAction":[{"@type":"SearchAction","target":{"@type":"EntryPoint","urlTemplate":"https:\/\/maidsespana.es\/en\/?s={search_term_string}"},"query-input":{"@type":"PropertyValueSpecification","valueRequired":true,"valueName":"search_term_string"}}],"inLanguage":"en-US"},{"@type":"Organization","@id":"https:\/\/maidsespana.es\/en\/#organization","name":"Maids & Co","url":"https:\/\/maidsespana.es\/en\/","logo":{"@type":"ImageObject","inLanguage":"en-US","@id":"https:\/\/maidsespana.es\/en\/#\/schema\/logo\/image\/","url":"https:\/\/maidsespana.es\/wp-content\/uploads\/2023\/05\/logo-maidsco_redondo.png","contentUrl":"https:\/\/maidsespana.es\/wp-content\/uploads\/2023\/05\/logo-maidsco_redondo.png","width":696,"height":696,"caption":"Maids & Co"},"image":{"@id":"https:\/\/maidsespana.es\/en\/#\/schema\/logo\/image\/"},"sameAs":["https:\/\/www.facebook.com\/Maidsespana","https:\/\/www.instagram.com\/maidsespana"]}]}},"_links":{"self":[{"href":"https:\/\/maidsespana.es\/en\/wp-json\/wp\/v2\/pages\/7003","targetHints":{"allow":["GET"]}}],"collection":[{"href":"https:\/\/maidsespana.es\/en\/wp-json\/wp\/v2\/pages"}],"about":[{"href":"https:\/\/maidsespana.es\/en\/wp-json\/wp\/v2\/types\/page"}],"author":[{"embeddable":true,"href":"https:\/\/maidsespana.es\/en\/wp-json\/wp\/v2\/users\/1"}],"replies":[{"embeddable":true,"href":"https:\/\/maidsespana.es\/en\/wp-json\/wp\/v2\/comments?post=7003"}],"version-history":[{"count":0,"href":"https:\/\/maidsespana.es\/en\/wp-json\/wp\/v2\/pages\/7003\/revisions"}],"wp:attachment":[{"href":"https:\/\/maidsespana.es\/en\/wp-json\/wp\/v2\/media?parent=7003"}],"curies":[{"name":"wp","href":"https:\/\/api.w.org\/{rel}","templated":true}]}}